{"id":3363,"date":"2025-05-01T08:35:08","date_gmt":"2025-05-01T08:35:08","guid":{"rendered":"https:\/\/kvalitetazivota.org\/?page_id=3363"},"modified":"2025-06-27T13:03:37","modified_gmt":"2025-06-27T13:03:37","slug":"webinar-zakljucak-1-2-2-2-2","status":"publish","type":"page","link":"https:\/\/kvalitetazivota.org\/en\/projekti\/webinar-zakljucak-1-2-2-2-2\/","title":{"rendered":"Webinar-Zaklju\u010dak 5."},"content":{"rendered":"<div data-elementor-type=\"wp-page\" data-elementor-id=\"3363\" class=\"elementor elementor-3363\">\n\t\t\t\t<div class=\"elementor-element elementor-element-63602b2f e-flex e-con-boxed e-con e-parent\" data-id=\"63602b2f\" data-element_type=\"container\" data-e-type=\"container\">\n\t\t\t\t\t<div class=\"e-con-inner\">\n\t\t\t\t<div class=\"elementor-element elementor-element-411e87a elementor-widget elementor-widget-heading\" data-id=\"411e87a\" data-element_type=\"widget\" data-e-type=\"widget\" data-widget_type=\"heading.default\">\n\t\t\t\t<div class=\"elementor-widget-container\">\n\t\t\t\t\t<h2 class=\"elementor-heading-title elementor-size-default\">Webinar \u201eTreba li svaka uvala luku?\u201c odr\u017ean 23. travnja 2025. - Zaklju\u010dak 5.<\/h2>\t\t\t\t<\/div>\n\t\t\t\t<\/div>\n\t\t\t\t\t<\/div>\n\t\t\t\t<\/div>\n\t\t<div class=\"elementor-element elementor-element-780e4b53 e-flex e-con-boxed e-con e-parent\" data-id=\"780e4b53\" data-element_type=\"container\" data-e-type=\"container\">\n\t\t\t\t\t<div class=\"e-con-inner\">\n\t\t<div class=\"elementor-element elementor-element-6859fb0d e-con-full e-flex e-con e-child\" data-id=\"6859fb0d\" data-element_type=\"container\" data-e-type=\"container\">\n\t\t\t\t<div class=\"elementor-element elementor-element-cea12b5 elementor-widget elementor-widget-image\" data-id=\"cea12b5\" data-element_type=\"widget\" data-e-type=\"widget\" data-widget_type=\"image.default\">\n\t\t\t\t<div class=\"elementor-widget-container\">\n\t\t\t\t\t\t\t\t\t\t\t\t\t\t\t<img fetchpriority=\"high\" decoding=\"async\" width=\"1024\" height=\"682\" src=\"https:\/\/kvalitetazivota.org\/wp-content\/uploads\/2025\/05\/mass-1355493_1280-1024x682.jpg\" class=\"attachment-large size-large wp-image-3475\" alt=\"\" srcset=\"https:\/\/kvalitetazivota.org\/wp-content\/uploads\/2025\/05\/mass-1355493_1280-1024x682.jpg 1024w, https:\/\/kvalitetazivota.org\/wp-content\/uploads\/2025\/05\/mass-1355493_1280-300x200.jpg 300w, https:\/\/kvalitetazivota.org\/wp-content\/uploads\/2025\/05\/mass-1355493_1280-768x512.jpg 768w, https:\/\/kvalitetazivota.org\/wp-content\/uploads\/2025\/05\/mass-1355493_1280-18x12.jpg 18w, https:\/\/kvalitetazivota.org\/wp-content\/uploads\/2025\/05\/mass-1355493_1280.jpg 1280w\" sizes=\"(max-width: 1024px) 100vw, 1024px\" \/>\t\t\t\t\t\t\t\t\t\t\t\t\t\t\t<\/div>\n\t\t\t\t<\/div>\n\t\t\t\t<\/div>\n\t\t<div class=\"elementor-element elementor-element-49bc16eb e-con-full e-flex e-con e-child\" data-id=\"49bc16eb\" data-element_type=\"container\" data-e-type=\"container\">\n\t\t\t\t<div class=\"elementor-element elementor-element-6125d7fd elementor-widget elementor-widget-text-editor\" data-id=\"6125d7fd\" data-element_type=\"widget\" data-e-type=\"widget\" data-widget_type=\"text-editor.default\">\n\t\t\t\t<div class=\"elementor-widget-container\">\n\t\t\t\t\t\t\t\t\t<p><strong>\u0160to gra\u0111ani mogu u\u010diniti \u2013 na razini Republike Hrvatske<\/strong><\/p><p>Kroz \u010detiri prethodna zaklju\u010dka ukazali smo na klju\u010dne slabosti postoje\u0107eg sustava i identificirali \u0161to bi trebalo mijenjati kako bi se osigurala ve\u0107a transparentnost, odgovornost i uklju\u010divanje gra\u0111ana u procese odlu\u010divanja. Od prepiski i obra\u0107anja institucijama odgovornima za odluke i realizaciju projekata izgradnje luka, jo\u0161 nismo \u010duli da je netko ne\u0161to konkretno postigao. U nastavku donosimo ono \u0161to mo\u017eemo u\u010diniti:<\/p><p>1. Va\u017eno je da se gra\u0111ani, razli\u010dite lokalne inicijative i udruge civilnog dru\u0161tva <b>udru\u017ee<\/b>, okupe oko istog problema, po\u010dnu razmjenjivati informacije i dogovarati zajedni\u010dke korake.<\/p><p>2. Va\u017eno je pravovremeno se uklju\u010diti u ranoj fazi procesa kroz <b>javna savjetovanja<\/b>, primjedbe i prisustvo na sjednicama, u izradu i dono\u0161enje prostornih planova, razvojnih strategija, planova upravljanja, studija utjecaja na okoli\u0161 i drugih strate\u0161kih dokumenata koji oblikuju budu\u0107nost prostora i okoli\u0161a.<\/p>\t\t\t\t\t\t\t\t<\/div>\n\t\t\t\t<\/div>\n\t\t\t\t<\/div>\n\t\t\t\t\t<\/div>\n\t\t\t\t<\/div>\n\t\t<div class=\"elementor-element elementor-element-30392702 e-flex e-con-boxed e-con e-parent\" data-id=\"30392702\" data-element_type=\"container\" data-e-type=\"container\" data-settings=\"{&quot;background_background&quot;:&quot;classic&quot;}\">\n\t\t\t\t\t<div class=\"e-con-inner\">\n\t\t<div class=\"elementor-element elementor-element-78170db8 e-con-full e-flex e-con e-child\" data-id=\"78170db8\" data-element_type=\"container\" data-e-type=\"container\">\n\t\t\t\t<div class=\"elementor-element elementor-element-50a29e6 elementor-widget__width-initial elementor-widget elementor-widget-text-editor\" data-id=\"50a29e6\" data-element_type=\"widget\" data-e-type=\"widget\" data-widget_type=\"text-editor.default\">\n\t\t\t\t<div class=\"elementor-widget-container\">\n\t\t\t\t\t\t\t\t\t<p><b>Gdje tra\u017eiti informacije:<\/b><\/p><p>e-Savjetovanja \u2013 nacionalne politike i zakoni<\/p><p>Slu\u017ebene stranice gradova, op\u0107ina i \u017eupanija \u2013 lokalni i \u017eupanijski prostorni planovi<\/p><p>Ministarstvo gospodarstva i odr\u017eivog razvoja \u2013 informacije o procjenama utjecaja na okoli\u0161<\/p><p><b>Sretno!<\/b><\/p>\t\t\t\t\t\t\t\t<\/div>\n\t\t\t\t<\/div>\n\t\t\t\t<\/div>\n\t\t\t\t\t<\/div>\n\t\t\t\t<\/div>\n\t\t<div class=\"elementor-element elementor-element-2c77226b e-flex e-con-boxed e-con e-parent\" data-id=\"2c77226b\" data-element_type=\"container\" data-e-type=\"container\">\n\t\t\t\t\t<div class=\"e-con-inner\">\n\t\t<div class=\"elementor-element elementor-element-2ce13e2 e-con-full e-flex e-con e-child\" data-id=\"2ce13e2\" data-element_type=\"container\" data-e-type=\"container\">\n\t\t\t\t<div class=\"elementor-element elementor-element-312ebd64 elementor-widget elementor-widget-image\" data-id=\"312ebd64\" data-element_type=\"widget\" data-e-type=\"widget\" data-widget_type=\"image.default\">\n\t\t\t\t<div class=\"elementor-widget-container\">\n\t\t\t\t\t\t\t\t\t\t\t\t\t\t\t<img decoding=\"async\" width=\"1024\" height=\"768\" src=\"https:\/\/kvalitetazivota.org\/wp-content\/uploads\/2025\/05\/justice-471885_1280-1024x768.jpg\" class=\"attachment-large size-large wp-image-3497\" alt=\"\" srcset=\"https:\/\/kvalitetazivota.org\/wp-content\/uploads\/2025\/05\/justice-471885_1280-1024x768.jpg 1024w, https:\/\/kvalitetazivota.org\/wp-content\/uploads\/2025\/05\/justice-471885_1280-300x225.jpg 300w, https:\/\/kvalitetazivota.org\/wp-content\/uploads\/2025\/05\/justice-471885_1280-768x576.jpg 768w, https:\/\/kvalitetazivota.org\/wp-content\/uploads\/2025\/05\/justice-471885_1280-16x12.jpg 16w, https:\/\/kvalitetazivota.org\/wp-content\/uploads\/2025\/05\/justice-471885_1280.jpg 1280w\" sizes=\"(max-width: 1024px) 100vw, 1024px\" \/>\t\t\t\t\t\t\t\t\t\t\t\t\t\t\t<\/div>\n\t\t\t\t<\/div>\n\t\t\t\t<\/div>\n\t\t<div class=\"elementor-element elementor-element-7d8a1382 e-con-full e-flex e-con e-child\" data-id=\"7d8a1382\" data-element_type=\"container\" data-e-type=\"container\">\n\t\t\t\t<div class=\"elementor-element elementor-element-246d8010 elementor-widget elementor-widget-text-editor\" data-id=\"246d8010\" data-element_type=\"widget\" data-e-type=\"widget\" data-widget_type=\"text-editor.default\">\n\t\t\t\t<div class=\"elementor-widget-container\">\n\t\t\t\t\t\t\t\t\t<p>3. U situacijama kada postoji opravdana sumnja na nepravilnosti \u2013 bilo u vezi s procedurom dono\u0161enja odluka, bilo s kvalitetom ili neovisno\u0161\u0107u izra\u0111ene studije utjecaja na okoli\u0161 \u2013 va\u017eno je pokrenuti <b>upravni spor<\/b>. U tom postupku mogu\u0107e je tra\u017eiti neovisno stru\u010dno mi\u0161ljenje, kojim se dovode u pitanje zaklju\u010dci izra\u0111eni po narud\u017ebi investitora, \u010dime se omogu\u0107uje za\u0161tita javnog interesa i okoli\u0161a.<\/p>\t\t\t\t\t\t\t\t<\/div>\n\t\t\t\t<\/div>\n\t\t\t\t<div class=\"elementor-element elementor-element-6073a0b elementor-widget elementor-widget-text-editor\" data-id=\"6073a0b\" data-element_type=\"widget\" data-e-type=\"widget\" data-widget_type=\"text-editor.default\">\n\t\t\t\t<div class=\"elementor-widget-container\">\n\t\t\t\t\t\t\t\t\t<p><strong>\u0160to \u0107emo mi u\u010diniti?<\/strong><\/p><p><b>Uputit \u0107emo prijedlog saborskom Odboru za za\u0161titu okoli\u0161a za sazivanje<\/b> <b>tematske sjednice o upravljanju pomorskim dobrom, o \u010demu \u0107ete biti obavije\u0161teni<\/b>.<\/p>\t\t\t\t\t\t\t\t<\/div>\n\t\t\t\t<\/div>\n\t\t\t\t<\/div>\n\t\t\t\t\t<\/div>\n\t\t\t\t<\/div>\n\t\t<div class=\"elementor-element elementor-element-2a9d839a e-flex e-con-boxed e-con e-parent\" data-id=\"2a9d839a\" data-element_type=\"container\" data-e-type=\"container\">\n\t\t\t\t\t<div class=\"e-con-inner\">\n\t\t<div class=\"elementor-element elementor-element-71ec697e e-con-full e-flex e-con e-child\" data-id=\"71ec697e\" data-element_type=\"container\" data-e-type=\"container\">\n\t\t\t\t<div class=\"elementor-element elementor-element-23c191b elementor-widget elementor-widget-image\" data-id=\"23c191b\" data-element_type=\"widget\" data-e-type=\"widget\" data-widget_type=\"image.default\">\n\t\t\t\t<div class=\"elementor-widget-container\">\n\t\t\t\t\t\t\t\t\t\t\t\t\t\t\t<img decoding=\"async\" width=\"1024\" height=\"768\" src=\"https:\/\/kvalitetazivota.org\/wp-content\/uploads\/2025\/05\/europe-2069532_1280-1024x768.jpg\" class=\"attachment-large size-large wp-image-3508\" alt=\"\" srcset=\"https:\/\/kvalitetazivota.org\/wp-content\/uploads\/2025\/05\/europe-2069532_1280-1024x768.jpg 1024w, https:\/\/kvalitetazivota.org\/wp-content\/uploads\/2025\/05\/europe-2069532_1280-300x225.jpg 300w, https:\/\/kvalitetazivota.org\/wp-content\/uploads\/2025\/05\/europe-2069532_1280-768x576.jpg 768w, https:\/\/kvalitetazivota.org\/wp-content\/uploads\/2025\/05\/europe-2069532_1280-16x12.jpg 16w, https:\/\/kvalitetazivota.org\/wp-content\/uploads\/2025\/05\/europe-2069532_1280.jpg 1280w\" sizes=\"(max-width: 1024px) 100vw, 1024px\" \/>\t\t\t\t\t\t\t\t\t\t\t\t\t\t\t<\/div>\n\t\t\t\t<\/div>\n\t\t\t\t<\/div>\n\t\t<div class=\"elementor-element elementor-element-5af0d712 e-con-full e-flex e-con e-child\" data-id=\"5af0d712\" data-element_type=\"container\" data-e-type=\"container\">\n\t\t\t\t<div class=\"elementor-element elementor-element-646da26d elementor-widget elementor-widget-text-editor\" data-id=\"646da26d\" data-element_type=\"widget\" data-e-type=\"widget\" data-widget_type=\"text-editor.default\">\n\t\t\t\t<div class=\"elementor-widget-container\">\n\t\t\t\t\t\t\t\t\t<p><strong>\u0160to gra\u0111ani mogu u\u010diniti \u2013 na razini Europske unije<\/strong><\/p>\n<p>Ured europskog javnog tu\u017eitelja (EPO) \u010desto se spominje u medijima, no va\u017eno je znati da se EPO isklju\u010divo bavi istragama i kaznenim progonima povezanim sa zloupotrebom sredstava iz prora\u010duna Europske unije, dok za ostale vrste povreda \u2013 primjerice vezane uz okoli\u0161, prostorno planiranje ili postupke odlu\u010divanja \u2013 nije ovla\u0161ten postupati.<\/p>\n<p>Nadle\u017ena institucija u ovom slu\u010daju bila bi <b>Europska komisija<\/b> zbog sumnje da Hrvatska kr\u0161i europske propise. Komisija mo\u017ee pokrenuti tzv. \u201epilot postupak\u201c, u kojem tra\u017ei o\u010ditovanje dr\u017eave i, ako povreda ostane neispravljena, mo\u017ee slu\u010daj uputiti Sudu EU. Naime, Hrvatska je bila du\u017ena donijeti <b>Nacionalni plan za upravljanje morskim podru\u010djima<\/b> do o\u017eujka 2021., prema europskoj Direktivi 2014\/89\/EU, no do danas to nije u\u010dinila. Umjesto toga, odgovornost je preba\u010dena na lokalne jedinice \u2013 op\u0107ine, gradove i \u017eupanije \u2013 \u0161to u praksi zna\u010di da ne postoji jedinstveni strate\u0161ki okvir za upravljanje morskim prostorom.<\/p>\n<p>Komisija nije ograni\u010dena na\u010dinom prikupljanja podataka o povredama i \u010desto poti\u010de gra\u0111ane, inicijative i udruge civilnog dru\u0161tva da se obrate s opisima i argumentima o povredi europske pravne ste\u010devine.<\/p>\t\t\t\t\t\t\t\t<\/div>\n\t\t\t\t<\/div>\n\t\t\t\t<\/div>\n\t\t\t\t\t<\/div>\n\t\t\t\t<\/div>\n\t\t<div class=\"elementor-element elementor-element-c4e381c e-flex e-con-boxed e-con e-parent\" data-id=\"c4e381c\" data-element_type=\"container\" data-e-type=\"container\" data-settings=\"{&quot;background_background&quot;:&quot;classic&quot;}\">\n\t\t\t\t\t<div class=\"e-con-inner\">\n\t\t<div class=\"elementor-element elementor-element-f32bcaf e-con-full e-flex e-con e-child\" data-id=\"f32bcaf\" data-element_type=\"container\" data-e-type=\"container\">\n\t\t\t\t<div class=\"elementor-element elementor-element-9ada1b5 elementor-widget__width-initial elementor-widget elementor-widget-text-editor\" data-id=\"9ada1b5\" data-element_type=\"widget\" data-e-type=\"widget\" data-widget_type=\"text-editor.default\">\n\t\t\t\t<div class=\"elementor-widget-container\">\n\t\t\t\t\t\t\t\t\t<p><b>\u0160to \u0107emo mi u\u010diniti?<\/b><\/p><p><b>Uputit \u0107emo podnesak Europskoj komisiji zbog sumnje na povredu Direktive 2014\/89\/EU, isti\u010du\u0107i izgradnju luka koje se EU prikazuju kao razvojni projekti, iako \u010desto \u0161tete lokalnim zajednicama, o \u010demu \u0107ete biti obavije\u0161teni.<\/b><\/p>\t\t\t\t\t\t\t\t<\/div>\n\t\t\t\t<\/div>\n\t\t\t\t<\/div>\n\t\t\t\t\t<\/div>\n\t\t\t\t<\/div>\n\t\t<div class=\"elementor-element elementor-element-67e8b923 e-flex e-con-boxed e-con e-parent\" data-id=\"67e8b923\" data-element_type=\"container\" data-e-type=\"container\">\n\t\t\t\t\t<div class=\"e-con-inner\">\n\t\t<div class=\"elementor-element elementor-element-797daa3 e-con-full e-flex e-con e-child\" data-id=\"797daa3\" data-element_type=\"container\" data-e-type=\"container\">\n\t\t\t\t<div class=\"elementor-element elementor-element-21b74c35 elementor-widget elementor-widget-text-editor\" data-id=\"21b74c35\" data-element_type=\"widget\" data-e-type=\"widget\" data-widget_type=\"text-editor.default\">\n\t\t\t\t<div class=\"elementor-widget-container\">\n\t\t\t\t\t\t\t\t\t<p>If you have a similar problem<\/p>\t\t\t\t\t\t\t\t<\/div>\n\t\t\t\t<\/div>\n\t\t\t\t<div class=\"elementor-element elementor-element-7f0ad0c3 elementor-align-center elementor-widget elementor-widget-button\" data-id=\"7f0ad0c3\" data-element_type=\"widget\" data-e-type=\"widget\" data-widget_type=\"button.default\">\n\t\t\t\t<div class=\"elementor-widget-container\">\n\t\t\t\t\t\t\t\t\t<div class=\"elementor-button-wrapper\">\n\t\t\t\t\t<a class=\"elementor-button elementor-button-link elementor-size-sm\" href=\"https:\/\/kvalitetazivota.org\/en\/kontakt\/\">\n\t\t\t\t\t\t<span class=\"elementor-button-content-wrapper\">\n\t\t\t\t\t\t\t\t\t<span class=\"elementor-button-text\">Tell us a story<\/span>\n\t\t\t\t\t<\/span>\n\t\t\t\t\t<\/a>\n\t\t\t\t<\/div>\n\t\t\t\t\t\t\t\t<\/div>\n\t\t\t\t<\/div>\n\t\t\t\t<\/div>\n\t\t<div class=\"elementor-element elementor-element-3d3b1fef e-con-full e-flex e-con e-child\" data-id=\"3d3b1fef\" data-element_type=\"container\" data-e-type=\"container\">\n\t\t\t\t<div class=\"elementor-element elementor-element-75d58c5d elementor-widget elementor-widget-text-editor\" data-id=\"75d58c5d\" data-element_type=\"widget\" data-e-type=\"widget\" data-widget_type=\"text-editor.default\">\n\t\t\t\t<div class=\"elementor-widget-container\">\n\t\t\t\t\t\t\t\t\t<p>If you want to protect the coast too<\/p>\t\t\t\t\t\t\t\t<\/div>\n\t\t\t\t<\/div>\n\t\t\t\t<div class=\"elementor-element elementor-element-5f50e187 elementor-align-center elementor-widget elementor-widget-button\" data-id=\"5f50e187\" data-element_type=\"widget\" data-e-type=\"widget\" data-widget_type=\"button.default\">\n\t\t\t\t<div class=\"elementor-widget-container\">\n\t\t\t\t\t\t\t\t\t<div class=\"elementor-button-wrapper\">\n\t\t\t\t\t<a class=\"elementor-button elementor-button-link elementor-size-sm\" href=\"https:\/\/kvalitetazivota.org\/en\/kontakt\/\">\n\t\t\t\t\t\t<span class=\"elementor-button-content-wrapper\">\n\t\t\t\t\t\t\t\t\t<span class=\"elementor-button-text\">Join us<\/span>\n\t\t\t\t\t<\/span>\n\t\t\t\t\t<\/a>\n\t\t\t\t<\/div>\n\t\t\t\t\t\t\t\t<\/div>\n\t\t\t\t<\/div>\n\t\t\t\t<\/div>\n\t\t<div class=\"elementor-element elementor-element-4f5f1f5c e-con-full e-flex e-con e-child\" data-id=\"4f5f1f5c\" data-element_type=\"container\" data-e-type=\"container\">\n\t\t\t\t<div class=\"elementor-element elementor-element-6295cb37 elementor-widget elementor-widget-text-editor\" data-id=\"6295cb37\" data-element_type=\"widget\" data-e-type=\"widget\" data-widget_type=\"text-editor.default\">\n\t\t\t\t<div class=\"elementor-widget-container\">\n\t\t\t\t\t\t\t\t\t<p>If you want to help us continue and expand the project<\/p>\t\t\t\t\t\t\t\t<\/div>\n\t\t\t\t<\/div>\n\t\t\t\t<div class=\"elementor-element elementor-element-642a9875 elementor-align-center elementor-widget elementor-widget-button\" data-id=\"642a9875\" data-element_type=\"widget\" data-e-type=\"widget\" data-widget_type=\"button.default\">\n\t\t\t\t<div class=\"elementor-widget-container\">\n\t\t\t\t\t\t\t\t\t<div class=\"elementor-button-wrapper\">\n\t\t\t\t\t<a class=\"elementor-button elementor-button-link elementor-size-sm\" href=\"https:\/\/kvalitetazivota.org\/en\/kontakt\/#donate\">\n\t\t\t\t\t\t<span class=\"elementor-button-content-wrapper\">\n\t\t\t\t\t\t\t\t\t<span class=\"elementor-button-text\">Donate<\/span>\n\t\t\t\t\t<\/span>\n\t\t\t\t\t<\/a>\n\t\t\t\t<\/div>\n\t\t\t\t\t\t\t\t<\/div>\n\t\t\t\t<\/div>\n\t\t\t\t<\/div>\n\t\t\t\t\t<\/div>\n\t\t\t\t<\/div>\n\t\t<div class=\"elementor-element elementor-element-45082508 e-flex e-con-boxed e-con e-parent\" data-id=\"45082508\" data-element_type=\"container\" data-e-type=\"container\">\n\t\t\t\t\t<div class=\"e-con-inner\">\n\t\t<div class=\"elementor-element elementor-element-6ed113b4 e-flex e-con-boxed e-con e-child\" data-id=\"6ed113b4\" data-element_type=\"container\" data-e-type=\"container\">\n\t\t\t\t\t<div class=\"e-con-inner\">\n\t\t\t\t<div class=\"elementor-element elementor-element-592ef6c8 elementor-widget__width-initial elementor-position-top elementor-widget elementor-widget-image-box\" data-id=\"592ef6c8\" data-element_type=\"widget\" data-e-type=\"widget\" data-widget_type=\"image-box.default\">\n\t\t\t\t<div class=\"elementor-widget-container\">\n\t\t\t\t\t<div class=\"elementor-image-box-wrapper\"><figure class=\"elementor-image-box-img\"><img loading=\"lazy\" decoding=\"async\" width=\"2560\" height=\"901\" src=\"https:\/\/kvalitetazivota.org\/wp-content\/uploads\/2025\/02\/CNVOS_WEB_IMACT4VALUES_NAPIS_BARVNO_DVOVRSTICNO_DOLGO_HR_ZASTAVA-scaled.webp\" class=\"attachment-full size-full wp-image-2990\" alt=\"CNVOS_WEB_IMACT4VALUES\" srcset=\"https:\/\/kvalitetazivota.org\/wp-content\/uploads\/2025\/02\/CNVOS_WEB_IMACT4VALUES_NAPIS_BARVNO_DVOVRSTICNO_DOLGO_HR_ZASTAVA-scaled.webp 2560w, https:\/\/kvalitetazivota.org\/wp-content\/uploads\/2025\/02\/CNVOS_WEB_IMACT4VALUES_NAPIS_BARVNO_DVOVRSTICNO_DOLGO_HR_ZASTAVA-300x106.webp 300w, https:\/\/kvalitetazivota.org\/wp-content\/uploads\/2025\/02\/CNVOS_WEB_IMACT4VALUES_NAPIS_BARVNO_DVOVRSTICNO_DOLGO_HR_ZASTAVA-1024x361.webp 1024w, https:\/\/kvalitetazivota.org\/wp-content\/uploads\/2025\/02\/CNVOS_WEB_IMACT4VALUES_NAPIS_BARVNO_DVOVRSTICNO_DOLGO_HR_ZASTAVA-768x270.webp 768w, https:\/\/kvalitetazivota.org\/wp-content\/uploads\/2025\/02\/CNVOS_WEB_IMACT4VALUES_NAPIS_BARVNO_DVOVRSTICNO_DOLGO_HR_ZASTAVA-1536x541.webp 1536w, https:\/\/kvalitetazivota.org\/wp-content\/uploads\/2025\/02\/CNVOS_WEB_IMACT4VALUES_NAPIS_BARVNO_DVOVRSTICNO_DOLGO_HR_ZASTAVA-2048x721.webp 2048w, https:\/\/kvalitetazivota.org\/wp-content\/uploads\/2025\/02\/CNVOS_WEB_IMACT4VALUES_NAPIS_BARVNO_DVOVRSTICNO_DOLGO_HR_ZASTAVA-18x6.webp 18w\" sizes=\"(max-width: 2560px) 100vw, 2560px\" \/><\/figure><div class=\"elementor-image-box-content\"><p class=\"elementor-image-box-description\">Financirano sredstvima Europske unije. Izneseni stavovi i mi\u0161ljenja su stavovi i mi\u0161ljenja autora i ne moraju se podudarati sa stavovima i mi\u0161ljenjima Europske unije ili Europske izvr\u0161ne agencije za obrazovanje i kulturu (EACEA). Ni Europska unija ni EACEA ne mogu se smatrati odgovornima za njih.<\/p><\/div><\/div>\t\t\t\t<\/div>\n\t\t\t\t<\/div>\n\t\t\t\t<div class=\"elementor-element elementor-element-62d3ec85 elementor-widget__width-initial elementor-position-top elementor-widget elementor-widget-image-box\" data-id=\"62d3ec85\" data-element_type=\"widget\" data-e-type=\"widget\" data-widget_type=\"image-box.default\">\n\t\t\t\t<div class=\"elementor-widget-container\">\n\t\t\t\t\t<div class=\"elementor-image-box-wrapper\"><figure class=\"elementor-image-box-img\"><img loading=\"lazy\" decoding=\"async\" width=\"1191\" height=\"842\" src=\"https:\/\/kvalitetazivota.org\/wp-content\/uploads\/2025\/02\/Ured-za-udruge_LOGO_HR_RGB_72dpi_vertical_1191x842px.png\" class=\"attachment-full size-full wp-image-2991\" alt=\"Ured-za-udruge_LOGO\" srcset=\"https:\/\/kvalitetazivota.org\/wp-content\/uploads\/2025\/02\/Ured-za-udruge_LOGO_HR_RGB_72dpi_vertical_1191x842px.png 1191w, https:\/\/kvalitetazivota.org\/wp-content\/uploads\/2025\/02\/Ured-za-udruge_LOGO_HR_RGB_72dpi_vertical_1191x842px-300x212.png 300w, https:\/\/kvalitetazivota.org\/wp-content\/uploads\/2025\/02\/Ured-za-udruge_LOGO_HR_RGB_72dpi_vertical_1191x842px-1024x724.png 1024w, https:\/\/kvalitetazivota.org\/wp-content\/uploads\/2025\/02\/Ured-za-udruge_LOGO_HR_RGB_72dpi_vertical_1191x842px-768x543.png 768w, https:\/\/kvalitetazivota.org\/wp-content\/uploads\/2025\/02\/Ured-za-udruge_LOGO_HR_RGB_72dpi_vertical_1191x842px-18x12.png 18w\" sizes=\"(max-width: 1191px) 100vw, 1191px\" \/><\/figure><div class=\"elementor-image-box-content\"><p class=\"elementor-image-box-description\">Program Impact4Values sufinancira Ured za udruge Vlade Republike Hrvatske.\n\nStajali\u0161ta izra\u017eena u tekstovima koji se odnose na ovaj projekt isklju\u010diva su odgovornost Udruge za podizanje kvalitete \u017eivota \"Get to Life\" i ne odra\u017eavaju stajali\u0161te Ureda za udruge Vlade Republike Hrvatske.\n<\/p><\/div><\/div>\t\t\t\t<\/div>\n\t\t\t\t<\/div>\n\t\t\t\t\t<\/div>\n\t\t\t\t<\/div>\n\t\t\t\t\t<\/div>\n\t\t\t\t<\/div>\n\t\t\t\t<\/div>","protected":false},"excerpt":{"rendered":"<p>Webinar \u201eTreba li svaka uvala luku?\u201c odr\u017ean 23. travnja 2025. &#8211; Zaklju\u010dak 5. \u0160to gra\u0111ani mogu u\u010diniti \u2013 na razini Republike Hrvatske Kroz \u010detiri prethodna zaklju\u010dka ukazali smo na klju\u010dne slabosti postoje\u0107eg sustava i identificirali \u0161to bi trebalo mijenjati kako bi se osigurala ve\u0107a transparentnost, odgovornost i uklju\u010divanje gra\u0111ana u procese odlu\u010divanja. Od prepiski i [&hellip;]<\/p>\n","protected":false},"author":2,"featured_media":0,"parent":3339,"menu_order":0,"comment_status":"closed","ping_status":"closed","template":"","meta":{"site-sidebar-layout":"no-sidebar","site-content-layout":"page-builder","ast-site-content-layout":"full-width-container","site-content-style":"default","site-sidebar-style":"default","ast-global-header-display":"","ast-banner-title-visibility":"","ast-main-header-display":"","ast-hfb-above-header-display":"","ast-hfb-below-header-display":"","ast-hfb-mobile-header-display":"","site-post-title":"disabled","ast-breadcrumbs-content":"","ast-featured-img":"disabled","footer-sml-layout":"","ast-disable-related-posts":"","theme-transparent-header-meta":"","adv-header-id-meta":"","stick-header-meta":"","header-above-stick-meta":"","header-main-stick-meta":"","header-below-stick-meta":"","astra-migrate-meta-layouts":"set","ast-page-background-enabled":"default","ast-page-background-meta":{"desktop":{"background-color":"","background-image":"","background-repeat":"repeat","background-position":"center center","background-size":"auto","background-attachment":"scroll","background-type":"","background-media":"","overlay-type":"","overlay-color":"","overlay-opacity":"","overlay-gradient":""},"tablet":{"background-color":"","background-image":"","background-repeat":"repeat","background-position":"center center","background-size":"auto","background-attachment":"scroll","background-type":"","background-media":"","overlay-type":"","overlay-color":"","overlay-opacity":"","overlay-gradient":""},"mobile":{"background-color":"","background-image":"","background-repeat":"repeat","background-position":"center center","background-size":"auto","background-attachment":"scroll","background-type":"","background-media":"","overlay-type":"","overlay-color":"","overlay-opacity":"","overlay-gradient":""}},"ast-content-background-meta":{"desktop":{"background-color":"var(--ast-global-color-5)","background-image":"","background-repeat":"repeat","background-position":"center center","background-size":"auto","background-attachment":"scroll","background-type":"","background-media":"","overlay-type":"","overlay-color":"","overlay-opacity":"","overlay-gradient":""},"tablet":{"background-color":"var(--ast-global-color-5)","background-image":"","background-repeat":"repeat","background-position":"center center","background-size":"auto","background-attachment":"scroll","background-type":"","background-media":"","overlay-type":"","overlay-color":"","overlay-opacity":"","overlay-gradient":""},"mobile":{"background-color":"var(--ast-global-color-5)","background-image":"","background-repeat":"repeat","background-position":"center center","background-size":"auto","background-attachment":"scroll","background-type":"","background-media":"","overlay-type":"","overlay-color":"","overlay-opacity":"","overlay-gradient":""}},"footnotes":""},"class_list":["post-3363","page","type-page","status-publish","hentry"],"_links":{"self":[{"href":"https:\/\/kvalitetazivota.org\/en\/wp-json\/wp\/v2\/pages\/3363","targetHints":{"allow":["GET"]}}],"collection":[{"href":"https:\/\/kvalitetazivota.org\/en\/wp-json\/wp\/v2\/pages"}],"about":[{"href":"https:\/\/kvalitetazivota.org\/en\/wp-json\/wp\/v2\/types\/page"}],"author":[{"embeddable":true,"href":"https:\/\/kvalitetazivota.org\/en\/wp-json\/wp\/v2\/users\/2"}],"replies":[{"embeddable":true,"href":"https:\/\/kvalitetazivota.org\/en\/wp-json\/wp\/v2\/comments?post=3363"}],"version-history":[{"count":0,"href":"https:\/\/kvalitetazivota.org\/en\/wp-json\/wp\/v2\/pages\/3363\/revisions"}],"up":[{"embeddable":true,"href":"https:\/\/kvalitetazivota.org\/en\/wp-json\/wp\/v2\/pages\/3339"}],"wp:attachment":[{"href":"https:\/\/kvalitetazivota.org\/en\/wp-json\/wp\/v2\/media?parent=3363"}],"curies":[{"name":"wp","href":"https:\/\/api.w.org\/{rel}","templated":true}]}}