{"id":3361,"date":"2025-05-04T07:37:05","date_gmt":"2025-05-04T07:37:05","guid":{"rendered":"https:\/\/kvalitetazivota.org\/?page_id=3361"},"modified":"2025-06-27T13:02:54","modified_gmt":"2025-06-27T13:02:54","slug":"webinar-zakljucak-1-2-2","status":"publish","type":"page","link":"https:\/\/kvalitetazivota.org\/en\/projekti\/webinar-zakljucak-1-2-2\/","title":{"rendered":"Webinar-Zaklju\u010dak 4."},"content":{"rendered":"<div data-elementor-type=\"wp-page\" data-elementor-id=\"3361\" class=\"elementor elementor-3361\">\n\t\t\t\t<div class=\"elementor-element elementor-element-42823356 e-flex e-con-boxed e-con e-parent\" data-id=\"42823356\" data-element_type=\"container\" data-e-type=\"container\">\n\t\t\t\t\t<div class=\"e-con-inner\">\n\t\t\t\t<div class=\"elementor-element elementor-element-55639cc7 elementor-widget elementor-widget-heading\" data-id=\"55639cc7\" data-element_type=\"widget\" data-e-type=\"widget\" data-widget_type=\"heading.default\">\n\t\t\t\t<div class=\"elementor-widget-container\">\n\t\t\t\t\t<h2 class=\"elementor-heading-title elementor-size-default\">Webinar \u201eTreba li svaka uvala luku?\u201c odr\u017ean 23. travnja 2025. - Zaklju\u010dak 4.<\/h2>\t\t\t\t<\/div>\n\t\t\t\t<\/div>\n\t\t\t\t\t<\/div>\n\t\t\t\t<\/div>\n\t\t<div class=\"elementor-element elementor-element-50909551 e-flex e-con-boxed e-con e-parent\" data-id=\"50909551\" data-element_type=\"container\" data-e-type=\"container\">\n\t\t\t\t\t<div class=\"e-con-inner\">\n\t\t<div class=\"elementor-element elementor-element-632b81d0 e-con-full e-flex e-con e-child\" data-id=\"632b81d0\" data-element_type=\"container\" data-e-type=\"container\">\n\t\t\t\t<div class=\"elementor-element elementor-element-393218f9 elementor-widget elementor-widget-image\" data-id=\"393218f9\" data-element_type=\"widget\" data-e-type=\"widget\" data-widget_type=\"image.default\">\n\t\t\t\t<div class=\"elementor-widget-container\">\n\t\t\t\t\t\t\t\t\t\t\t\t\t\t\t<img fetchpriority=\"high\" decoding=\"async\" width=\"1024\" height=\"802\" src=\"https:\/\/kvalitetazivota.org\/wp-content\/uploads\/2025\/05\/cosmetics-7014582_1280-1024x802.jpg\" class=\"attachment-large size-large wp-image-3446\" alt=\"\" srcset=\"https:\/\/kvalitetazivota.org\/wp-content\/uploads\/2025\/05\/cosmetics-7014582_1280-1024x802.jpg 1024w, https:\/\/kvalitetazivota.org\/wp-content\/uploads\/2025\/05\/cosmetics-7014582_1280-300x235.jpg 300w, https:\/\/kvalitetazivota.org\/wp-content\/uploads\/2025\/05\/cosmetics-7014582_1280-768x602.jpg 768w, https:\/\/kvalitetazivota.org\/wp-content\/uploads\/2025\/05\/cosmetics-7014582_1280-15x12.jpg 15w, https:\/\/kvalitetazivota.org\/wp-content\/uploads\/2025\/05\/cosmetics-7014582_1280.jpg 1280w\" sizes=\"(max-width: 1024px) 100vw, 1024px\" \/>\t\t\t\t\t\t\t\t\t\t\t\t\t\t\t<\/div>\n\t\t\t\t<\/div>\n\t\t\t\t<\/div>\n\t\t<div class=\"elementor-element elementor-element-48861352 e-con-full e-flex e-con e-child\" data-id=\"48861352\" data-element_type=\"container\" data-e-type=\"container\">\n\t\t\t\t<div class=\"elementor-element elementor-element-16afe5a2 elementor-widget elementor-widget-text-editor\" data-id=\"16afe5a2\" data-element_type=\"widget\" data-e-type=\"widget\" data-widget_type=\"text-editor.default\">\n\t\t\t\t<div class=\"elementor-widget-container\">\n\t\t\t\t\t\t\t\t\t<p><strong>Za\u0161tita okoli\u0161a ili samo kozmeti\u010dke mjere?<\/strong><\/p><p>Lu\u010dki projekti na hrvatskoj obali \u010desto se predstavljaju kao generatori razvoja. No, postavlja se pitanje \u2013 razvoja \u010dega? Betona, zaga\u0111enja, gubitka prirodnih i kulturnih vrijednosti? Luka nije samo vez za brodove \u2013 ona mijenja zrak, tlo, more i cjelokupni do\u017eivljaj prostora.<\/p><p>Zaga\u0111enja su brojna: ispu\u0161ni plinovi, istjecanje ulja i goriva, otrovni antifouling premazi, buka motora i propeleri u plitkom moru ugro\u017eavaju lokalne ekosustave. Otpadne vode s plovila \u010desto zavr\u0161avaju u moru, a invazivne vrste koje brodovi prenose dodatno naru\u0161avaju bioraznolikost.<\/p><p>Istovremeno, gradnja infrastrukture betonira obalu, uklanja zelenilo i bri\u0161e krajolik. Nestaju i kulturne vrijednosti \u2013 osobito ribarska tradicija koju se u turisti\u010dkoj promociji rado koristi, ali se u stvarnosti gubi. Infrastrukturni zahvati \u010desto se planiraju prema godi\u0161njim prosjecima, zanemaruju\u0107i sezonske vrhunce. To rezultira sustavima koji ne mogu podnijeti turisti\u010dka optere\u0107enja, \u0161to dodatno ugro\u017eava okoli\u0161.<\/p>\t\t\t\t\t\t\t\t<\/div>\n\t\t\t\t<\/div>\n\t\t\t\t<\/div>\n\t\t\t\t\t<\/div>\n\t\t\t\t<\/div>\n\t\t<div class=\"elementor-element elementor-element-5180e4d3 e-flex e-con-boxed e-con e-parent\" data-id=\"5180e4d3\" data-element_type=\"container\" data-e-type=\"container\">\n\t\t\t\t\t<div class=\"e-con-inner\">\n\t\t<div class=\"elementor-element elementor-element-2fd44dc3 e-con-full e-flex e-con e-child\" data-id=\"2fd44dc3\" data-element_type=\"container\" data-e-type=\"container\">\n\t\t\t\t<div class=\"elementor-element elementor-element-6eeefc6f elementor-widget elementor-widget-image\" data-id=\"6eeefc6f\" data-element_type=\"widget\" data-e-type=\"widget\" data-widget_type=\"image.default\">\n\t\t\t\t<div class=\"elementor-widget-container\">\n\t\t\t\t\t\t\t\t\t\t\t\t\t\t\t<img decoding=\"async\" width=\"1024\" height=\"576\" src=\"https:\/\/kvalitetazivota.org\/wp-content\/uploads\/2025\/05\/20240410_180856A-1024x576.jpg\" class=\"attachment-large size-large wp-image-3453\" alt=\"\" srcset=\"https:\/\/kvalitetazivota.org\/wp-content\/uploads\/2025\/05\/20240410_180856A-1024x576.jpg 1024w, https:\/\/kvalitetazivota.org\/wp-content\/uploads\/2025\/05\/20240410_180856A-300x169.jpg 300w, https:\/\/kvalitetazivota.org\/wp-content\/uploads\/2025\/05\/20240410_180856A-768x432.jpg 768w, https:\/\/kvalitetazivota.org\/wp-content\/uploads\/2025\/05\/20240410_180856A-1536x864.jpg 1536w, https:\/\/kvalitetazivota.org\/wp-content\/uploads\/2025\/05\/20240410_180856A-18x10.jpg 18w, https:\/\/kvalitetazivota.org\/wp-content\/uploads\/2025\/05\/20240410_180856A.jpg 1632w\" sizes=\"(max-width: 1024px) 100vw, 1024px\" \/>\t\t\t\t\t\t\t\t\t\t\t\t\t\t\t<\/div>\n\t\t\t\t<\/div>\n\t\t\t\t<\/div>\n\t\t<div class=\"elementor-element elementor-element-354f1df5 e-con-full e-flex e-con e-child\" data-id=\"354f1df5\" data-element_type=\"container\" data-e-type=\"container\">\n\t\t\t\t<div class=\"elementor-element elementor-element-71b32e0 elementor-widget elementor-widget-text-editor\" data-id=\"71b32e0\" data-element_type=\"widget\" data-e-type=\"widget\" data-widget_type=\"text-editor.default\">\n\t\t\t\t<div class=\"elementor-widget-container\">\n\t\t\t\t\t\t\t\t\t<p>Na podru\u010djima pod Natura 2000 za\u0161titom, prisutnost za\u0161ti\u0107enih vrsta \u010desto se &#8220;rje\u0161ava&#8221; mjerama poput premje\u0161tanja. Uspjeh takvih zahvata ovisi o brzini i stru\u010dnosti, ali u praksi su \u010desti pritisci na one koji upozoravaju na stvarno stanje \u2013 pa \u010dak i prijavama \u2013 zbog &#8220;naru\u0161avanja ugleda institucija&#8221;. Neki elaborati ignoriraju ekolo\u0161ke \u010dinjenice, a prirodna podru\u010dja se pogre\u0161no klasificiraju kao industrijska, izbjegavaju\u0107i tako obvezu za\u0161tite. Mjere za\u0161tite propisane su u tek 16 % elaborata \u2013 svega 122 od ukupno 645 \u2013 i naj\u010de\u0161\u0107e se odnose isklju\u010divo na fazu izvo\u0111enja radova. U samo \u0161est elaborata izri\u010dito je navedena potreba za pregledom periski ili kartiranjem posidonije.<\/p><p>Premje\u0161tanje koralja i spu\u017evi tehni\u010dki je izvedivo, dok je kod algi znatno te\u017ee zbog njihove uloge u ekosustavu. Morske cvjetnice poput posidonije rastu sporo, jedan centimetar godi\u0161nje, i zahtijevaju dugoro\u010dnu skrb \u2013 sjetva i presa\u0111ivanje mogu uspjeti, ali samo uz pa\u017eljivo pra\u0107enje i kvalitetnu provedbu.<\/p>\t\t\t\t\t\t\t\t<\/div>\n\t\t\t\t<\/div>\n\t\t\t\t<\/div>\n\t\t\t\t\t<\/div>\n\t\t\t\t<\/div>\n\t\t<div class=\"elementor-element elementor-element-f905553 e-flex e-con-boxed e-con e-parent\" data-id=\"f905553\" data-element_type=\"container\" data-e-type=\"container\">\n\t\t\t\t\t<div class=\"e-con-inner\">\n\t\t<div class=\"elementor-element elementor-element-13ad07ee e-con-full e-flex e-con e-child\" data-id=\"13ad07ee\" data-element_type=\"container\" data-e-type=\"container\">\n\t\t\t\t<div class=\"elementor-element elementor-element-737e1979 elementor-widget elementor-widget-image\" data-id=\"737e1979\" data-element_type=\"widget\" data-e-type=\"widget\" data-widget_type=\"image.default\">\n\t\t\t\t<div class=\"elementor-widget-container\">\n\t\t\t\t\t\t\t\t\t\t\t\t\t\t\t<img decoding=\"async\" width=\"1024\" height=\"683\" src=\"https:\/\/kvalitetazivota.org\/wp-content\/uploads\/2025\/05\/ChatGPT-Image-4.-svi-2025.-09_56_10-1024x683.png\" class=\"attachment-large size-large wp-image-3467\" alt=\"\" srcset=\"https:\/\/kvalitetazivota.org\/wp-content\/uploads\/2025\/05\/ChatGPT-Image-4.-svi-2025.-09_56_10-1024x683.png 1024w, https:\/\/kvalitetazivota.org\/wp-content\/uploads\/2025\/05\/ChatGPT-Image-4.-svi-2025.-09_56_10-300x200.png 300w, https:\/\/kvalitetazivota.org\/wp-content\/uploads\/2025\/05\/ChatGPT-Image-4.-svi-2025.-09_56_10-768x512.png 768w, https:\/\/kvalitetazivota.org\/wp-content\/uploads\/2025\/05\/ChatGPT-Image-4.-svi-2025.-09_56_10-18x12.png 18w, https:\/\/kvalitetazivota.org\/wp-content\/uploads\/2025\/05\/ChatGPT-Image-4.-svi-2025.-09_56_10.png 1536w\" sizes=\"(max-width: 1024px) 100vw, 1024px\" \/>\t\t\t\t\t\t\t\t\t\t\t\t\t\t\t<\/div>\n\t\t\t\t<\/div>\n\t\t\t\t<\/div>\n\t\t<div class=\"elementor-element elementor-element-68f967cd e-con-full e-flex e-con e-child\" data-id=\"68f967cd\" data-element_type=\"container\" data-e-type=\"container\">\n\t\t\t\t<div class=\"elementor-element elementor-element-3cad2b8a elementor-widget elementor-widget-text-editor\" data-id=\"3cad2b8a\" data-element_type=\"widget\" data-e-type=\"widget\" data-widget_type=\"text-editor.default\">\n\t\t\t\t<div class=\"elementor-widget-container\">\n\t\t\t\t\t\t\t\t\t<p>Umjesto stalne gradnje novih, sve ve\u0107ih luka, nu\u017eno je odgovorno upravljati postoje\u0107im kapacitetima i obnavljati ono \u0161to ve\u0107 postoji. Mnogi projekti danas ne izgledaju kao da odgovaraju stvarnim potrebama lokalnog stanovni\u0161tva, a bez primjene stvarnih mjera za\u0161tite, gubimo prirodnu i kulturnu osnovu vlastitog identiteta.<\/p>\t\t\t\t\t\t\t\t<\/div>\n\t\t\t\t<\/div>\n\t\t\t\t<\/div>\n\t\t\t\t\t<\/div>\n\t\t\t\t<\/div>\n\t\t<div class=\"elementor-element elementor-element-317e49c3 e-flex e-con-boxed e-con e-parent\" data-id=\"317e49c3\" data-element_type=\"container\" data-e-type=\"container\" data-settings=\"{&quot;background_background&quot;:&quot;classic&quot;}\">\n\t\t\t\t\t<div class=\"e-con-inner\">\n\t\t<div class=\"elementor-element elementor-element-e589bdd e-con-full e-flex e-con e-child\" data-id=\"e589bdd\" data-element_type=\"container\" data-e-type=\"container\">\n\t\t\t\t<div class=\"elementor-element elementor-element-570e91f9 elementor-widget__width-initial elementor-widget elementor-widget-text-editor\" data-id=\"570e91f9\" data-element_type=\"widget\" data-e-type=\"widget\" data-widget_type=\"text-editor.default\">\n\t\t\t\t<div class=\"elementor-widget-container\">\n\t\t\t\t\t\t\t\t\t<p><b>Suggestions for change:<\/b><\/p><p><b>Prilagoditi veli\u010dinu i funkciju lu\u010dkih projekata stvarnim potrebama lokalnog stanovni\u0161tva, uz oslanjanje na postoje\u0107u infrastrukturu i izradu realnih sezonskih procjena optere\u0107enja.<\/b><\/p><p><b>Osigurati stru\u010dnu provedbu za\u0161titnih mjera, uklju\u010duju\u0107i pravovremenu identifikaciju za\u0161ti\u0107enih vrsta i nadzor tijekom svih faza projekta.<\/b><\/p>\t\t\t\t\t\t\t\t<\/div>\n\t\t\t\t<\/div>\n\t\t\t\t<\/div>\n\t\t\t\t\t<\/div>\n\t\t\t\t<\/div>\n\t\t<div class=\"elementor-element elementor-element-3eb05e6e e-flex e-con-boxed e-con e-parent\" data-id=\"3eb05e6e\" data-element_type=\"container\" data-e-type=\"container\">\n\t\t\t\t\t<div class=\"e-con-inner\">\n\t\t<div class=\"elementor-element elementor-element-323abaac e-con-full e-flex e-con e-child\" data-id=\"323abaac\" data-element_type=\"container\" data-e-type=\"container\">\n\t\t\t\t<div class=\"elementor-element elementor-element-33d31372 elementor-widget elementor-widget-text-editor\" data-id=\"33d31372\" data-element_type=\"widget\" data-e-type=\"widget\" data-widget_type=\"text-editor.default\">\n\t\t\t\t<div class=\"elementor-widget-container\">\n\t\t\t\t\t\t\t\t\t<p>If you have a similar problem<\/p>\t\t\t\t\t\t\t\t<\/div>\n\t\t\t\t<\/div>\n\t\t\t\t<div class=\"elementor-element elementor-element-ace9a6 elementor-align-center elementor-widget elementor-widget-button\" data-id=\"ace9a6\" data-element_type=\"widget\" data-e-type=\"widget\" data-widget_type=\"button.default\">\n\t\t\t\t<div class=\"elementor-widget-container\">\n\t\t\t\t\t\t\t\t\t<div class=\"elementor-button-wrapper\">\n\t\t\t\t\t<a class=\"elementor-button elementor-button-link elementor-size-sm\" href=\"https:\/\/kvalitetazivota.org\/en\/kontakt\/\">\n\t\t\t\t\t\t<span class=\"elementor-button-content-wrapper\">\n\t\t\t\t\t\t\t\t\t<span class=\"elementor-button-text\">Tell us a story<\/span>\n\t\t\t\t\t<\/span>\n\t\t\t\t\t<\/a>\n\t\t\t\t<\/div>\n\t\t\t\t\t\t\t\t<\/div>\n\t\t\t\t<\/div>\n\t\t\t\t<\/div>\n\t\t<div class=\"elementor-element elementor-element-7d37a8c6 e-con-full e-flex e-con e-child\" data-id=\"7d37a8c6\" data-element_type=\"container\" data-e-type=\"container\">\n\t\t\t\t<div class=\"elementor-element elementor-element-28811d85 elementor-widget elementor-widget-text-editor\" data-id=\"28811d85\" data-element_type=\"widget\" data-e-type=\"widget\" data-widget_type=\"text-editor.default\">\n\t\t\t\t<div class=\"elementor-widget-container\">\n\t\t\t\t\t\t\t\t\t<p>If you want to protect the coast too<\/p>\t\t\t\t\t\t\t\t<\/div>\n\t\t\t\t<\/div>\n\t\t\t\t<div class=\"elementor-element elementor-element-bc1184d elementor-align-center elementor-widget elementor-widget-button\" data-id=\"bc1184d\" data-element_type=\"widget\" data-e-type=\"widget\" data-widget_type=\"button.default\">\n\t\t\t\t<div class=\"elementor-widget-container\">\n\t\t\t\t\t\t\t\t\t<div class=\"elementor-button-wrapper\">\n\t\t\t\t\t<a class=\"elementor-button elementor-button-link elementor-size-sm\" href=\"https:\/\/kvalitetazivota.org\/en\/kontakt\/\">\n\t\t\t\t\t\t<span class=\"elementor-button-content-wrapper\">\n\t\t\t\t\t\t\t\t\t<span class=\"elementor-button-text\">Join us<\/span>\n\t\t\t\t\t<\/span>\n\t\t\t\t\t<\/a>\n\t\t\t\t<\/div>\n\t\t\t\t\t\t\t\t<\/div>\n\t\t\t\t<\/div>\n\t\t\t\t<\/div>\n\t\t<div class=\"elementor-element elementor-element-6c0218b9 e-con-full e-flex e-con e-child\" data-id=\"6c0218b9\" data-element_type=\"container\" data-e-type=\"container\">\n\t\t\t\t<div class=\"elementor-element elementor-element-b59c3f9 elementor-widget elementor-widget-text-editor\" data-id=\"b59c3f9\" data-element_type=\"widget\" data-e-type=\"widget\" data-widget_type=\"text-editor.default\">\n\t\t\t\t<div class=\"elementor-widget-container\">\n\t\t\t\t\t\t\t\t\t<p>If you want to help us continue and expand the project<\/p>\t\t\t\t\t\t\t\t<\/div>\n\t\t\t\t<\/div>\n\t\t\t\t<div class=\"elementor-element elementor-element-20478e20 elementor-align-center elementor-widget elementor-widget-button\" data-id=\"20478e20\" data-element_type=\"widget\" data-e-type=\"widget\" data-widget_type=\"button.default\">\n\t\t\t\t<div class=\"elementor-widget-container\">\n\t\t\t\t\t\t\t\t\t<div class=\"elementor-button-wrapper\">\n\t\t\t\t\t<a class=\"elementor-button elementor-button-link elementor-size-sm\" href=\"https:\/\/kvalitetazivota.org\/en\/kontakt\/#donate\">\n\t\t\t\t\t\t<span class=\"elementor-button-content-wrapper\">\n\t\t\t\t\t\t\t\t\t<span class=\"elementor-button-text\">Donate<\/span>\n\t\t\t\t\t<\/span>\n\t\t\t\t\t<\/a>\n\t\t\t\t<\/div>\n\t\t\t\t\t\t\t\t<\/div>\n\t\t\t\t<\/div>\n\t\t\t\t<\/div>\n\t\t\t\t\t<\/div>\n\t\t\t\t<\/div>\n\t\t<div class=\"elementor-element elementor-element-510b8fab e-flex e-con-boxed e-con e-parent\" data-id=\"510b8fab\" data-element_type=\"container\" data-e-type=\"container\">\n\t\t\t\t\t<div class=\"e-con-inner\">\n\t\t<div class=\"elementor-element elementor-element-2b7e8d9d e-flex e-con-boxed e-con e-child\" data-id=\"2b7e8d9d\" data-element_type=\"container\" data-e-type=\"container\">\n\t\t\t\t\t<div class=\"e-con-inner\">\n\t\t\t\t<div class=\"elementor-element elementor-element-41a1534e elementor-widget__width-initial elementor-position-top elementor-widget elementor-widget-image-box\" data-id=\"41a1534e\" data-element_type=\"widget\" data-e-type=\"widget\" data-widget_type=\"image-box.default\">\n\t\t\t\t<div class=\"elementor-widget-container\">\n\t\t\t\t\t<div class=\"elementor-image-box-wrapper\"><figure class=\"elementor-image-box-img\"><img loading=\"lazy\" decoding=\"async\" width=\"2560\" height=\"901\" src=\"https:\/\/kvalitetazivota.org\/wp-content\/uploads\/2025\/02\/CNVOS_WEB_IMACT4VALUES_NAPIS_BARVNO_DVOVRSTICNO_DOLGO_HR_ZASTAVA-scaled.webp\" class=\"attachment-full size-full wp-image-2990\" alt=\"CNVOS_WEB_IMACT4VALUES\" srcset=\"https:\/\/kvalitetazivota.org\/wp-content\/uploads\/2025\/02\/CNVOS_WEB_IMACT4VALUES_NAPIS_BARVNO_DVOVRSTICNO_DOLGO_HR_ZASTAVA-scaled.webp 2560w, https:\/\/kvalitetazivota.org\/wp-content\/uploads\/2025\/02\/CNVOS_WEB_IMACT4VALUES_NAPIS_BARVNO_DVOVRSTICNO_DOLGO_HR_ZASTAVA-300x106.webp 300w, https:\/\/kvalitetazivota.org\/wp-content\/uploads\/2025\/02\/CNVOS_WEB_IMACT4VALUES_NAPIS_BARVNO_DVOVRSTICNO_DOLGO_HR_ZASTAVA-1024x361.webp 1024w, https:\/\/kvalitetazivota.org\/wp-content\/uploads\/2025\/02\/CNVOS_WEB_IMACT4VALUES_NAPIS_BARVNO_DVOVRSTICNO_DOLGO_HR_ZASTAVA-768x270.webp 768w, https:\/\/kvalitetazivota.org\/wp-content\/uploads\/2025\/02\/CNVOS_WEB_IMACT4VALUES_NAPIS_BARVNO_DVOVRSTICNO_DOLGO_HR_ZASTAVA-1536x541.webp 1536w, https:\/\/kvalitetazivota.org\/wp-content\/uploads\/2025\/02\/CNVOS_WEB_IMACT4VALUES_NAPIS_BARVNO_DVOVRSTICNO_DOLGO_HR_ZASTAVA-2048x721.webp 2048w, https:\/\/kvalitetazivota.org\/wp-content\/uploads\/2025\/02\/CNVOS_WEB_IMACT4VALUES_NAPIS_BARVNO_DVOVRSTICNO_DOLGO_HR_ZASTAVA-18x6.webp 18w\" sizes=\"(max-width: 2560px) 100vw, 2560px\" \/><\/figure><div class=\"elementor-image-box-content\"><p class=\"elementor-image-box-description\">Financirano sredstvima Europske unije. Izneseni stavovi i mi\u0161ljenja su stavovi i mi\u0161ljenja autora i ne moraju se podudarati sa stavovima i mi\u0161ljenjima Europske unije ili Europske izvr\u0161ne agencije za obrazovanje i kulturu (EACEA). Ni Europska unija ni EACEA ne mogu se smatrati odgovornima za njih.<\/p><\/div><\/div>\t\t\t\t<\/div>\n\t\t\t\t<\/div>\n\t\t\t\t<div class=\"elementor-element elementor-element-3bebadf3 elementor-widget__width-initial elementor-position-top elementor-widget elementor-widget-image-box\" data-id=\"3bebadf3\" data-element_type=\"widget\" data-e-type=\"widget\" data-widget_type=\"image-box.default\">\n\t\t\t\t<div class=\"elementor-widget-container\">\n\t\t\t\t\t<div class=\"elementor-image-box-wrapper\"><figure class=\"elementor-image-box-img\"><img loading=\"lazy\" decoding=\"async\" width=\"1191\" height=\"842\" src=\"https:\/\/kvalitetazivota.org\/wp-content\/uploads\/2025\/02\/Ured-za-udruge_LOGO_HR_RGB_72dpi_vertical_1191x842px.png\" class=\"attachment-full size-full wp-image-2991\" alt=\"Ured-za-udruge_LOGO\" srcset=\"https:\/\/kvalitetazivota.org\/wp-content\/uploads\/2025\/02\/Ured-za-udruge_LOGO_HR_RGB_72dpi_vertical_1191x842px.png 1191w, https:\/\/kvalitetazivota.org\/wp-content\/uploads\/2025\/02\/Ured-za-udruge_LOGO_HR_RGB_72dpi_vertical_1191x842px-300x212.png 300w, https:\/\/kvalitetazivota.org\/wp-content\/uploads\/2025\/02\/Ured-za-udruge_LOGO_HR_RGB_72dpi_vertical_1191x842px-1024x724.png 1024w, https:\/\/kvalitetazivota.org\/wp-content\/uploads\/2025\/02\/Ured-za-udruge_LOGO_HR_RGB_72dpi_vertical_1191x842px-768x543.png 768w, https:\/\/kvalitetazivota.org\/wp-content\/uploads\/2025\/02\/Ured-za-udruge_LOGO_HR_RGB_72dpi_vertical_1191x842px-18x12.png 18w\" sizes=\"(max-width: 1191px) 100vw, 1191px\" \/><\/figure><div class=\"elementor-image-box-content\"><p class=\"elementor-image-box-description\">Program Impact4Values sufinancira Ured za udruge Vlade Republike Hrvatske.\n\nStajali\u0161ta izra\u017eena u tekstovima koji se odnose na ovaj projekt isklju\u010diva su odgovornost Udruge za podizanje kvalitete \u017eivota \"Get to Life\" i ne odra\u017eavaju stajali\u0161te Ureda za udruge Vlade Republike Hrvatske.\n<\/p><\/div><\/div>\t\t\t\t<\/div>\n\t\t\t\t<\/div>\n\t\t\t\t\t<\/div>\n\t\t\t\t<\/div>\n\t\t\t\t\t<\/div>\n\t\t\t\t<\/div>\n\t\t\t\t<\/div>","protected":false},"excerpt":{"rendered":"<p>Webinar \u201eTreba li svaka uvala luku?\u201c odr\u017ean 23. travnja 2025. &#8211; Zaklju\u010dak 4. Za\u0161tita okoli\u0161a ili samo kozmeti\u010dke mjere? Lu\u010dki projekti na hrvatskoj obali \u010desto se predstavljaju kao generatori razvoja. No, postavlja se pitanje \u2013 razvoja \u010dega? Betona, zaga\u0111enja, gubitka prirodnih i kulturnih vrijednosti? Luka nije samo vez za brodove \u2013 ona mijenja zrak, tlo, [&hellip;]<\/p>\n","protected":false},"author":2,"featured_media":0,"parent":3339,"menu_order":0,"comment_status":"closed","ping_status":"closed","template":"","meta":{"site-sidebar-layout":"no-sidebar","site-content-layout":"page-builder","ast-site-content-layout":"full-width-container","site-content-style":"default","site-sidebar-style":"default","ast-global-header-display":"","ast-banner-title-visibility":"","ast-main-header-display":"","ast-hfb-above-header-display":"","ast-hfb-below-header-display":"","ast-hfb-mobile-header-display":"","site-post-title":"disabled","ast-breadcrumbs-content":"","ast-featured-img":"disabled","footer-sml-layout":"","ast-disable-related-posts":"","theme-transparent-header-meta":"","adv-header-id-meta":"","stick-header-meta":"","header-above-stick-meta":"","header-main-stick-meta":"","header-below-stick-meta":"","astra-migrate-meta-layouts":"set","ast-page-background-enabled":"default","ast-page-background-meta":{"desktop":{"background-color":"","background-image":"","background-repeat":"repeat","background-position":"center center","background-size":"auto","background-attachment":"scroll","background-type":"","background-media":"","overlay-type":"","overlay-color":"","overlay-opacity":"","overlay-gradient":""},"tablet":{"background-color":"","background-image":"","background-repeat":"repeat","background-position":"center center","background-size":"auto","background-attachment":"scroll","background-type":"","background-media":"","overlay-type":"","overlay-color":"","overlay-opacity":"","overlay-gradient":""},"mobile":{"background-color":"","background-image":"","background-repeat":"repeat","background-position":"center center","background-size":"auto","background-attachment":"scroll","background-type":"","background-media":"","overlay-type":"","overlay-color":"","overlay-opacity":"","overlay-gradient":""}},"ast-content-background-meta":{"desktop":{"background-color":"var(--ast-global-color-5)","background-image":"","background-repeat":"repeat","background-position":"center center","background-size":"auto","background-attachment":"scroll","background-type":"","background-media":"","overlay-type":"","overlay-color":"","overlay-opacity":"","overlay-gradient":""},"tablet":{"background-color":"var(--ast-global-color-5)","background-image":"","background-repeat":"repeat","background-position":"center center","background-size":"auto","background-attachment":"scroll","background-type":"","background-media":"","overlay-type":"","overlay-color":"","overlay-opacity":"","overlay-gradient":""},"mobile":{"background-color":"var(--ast-global-color-5)","background-image":"","background-repeat":"repeat","background-position":"center center","background-size":"auto","background-attachment":"scroll","background-type":"","background-media":"","overlay-type":"","overlay-color":"","overlay-opacity":"","overlay-gradient":""}},"footnotes":""},"class_list":["post-3361","page","type-page","status-publish","hentry"],"_links":{"self":[{"href":"https:\/\/kvalitetazivota.org\/en\/wp-json\/wp\/v2\/pages\/3361","targetHints":{"allow":["GET"]}}],"collection":[{"href":"https:\/\/kvalitetazivota.org\/en\/wp-json\/wp\/v2\/pages"}],"about":[{"href":"https:\/\/kvalitetazivota.org\/en\/wp-json\/wp\/v2\/types\/page"}],"author":[{"embeddable":true,"href":"https:\/\/kvalitetazivota.org\/en\/wp-json\/wp\/v2\/users\/2"}],"replies":[{"embeddable":true,"href":"https:\/\/kvalitetazivota.org\/en\/wp-json\/wp\/v2\/comments?post=3361"}],"version-history":[{"count":0,"href":"https:\/\/kvalitetazivota.org\/en\/wp-json\/wp\/v2\/pages\/3361\/revisions"}],"up":[{"embeddable":true,"href":"https:\/\/kvalitetazivota.org\/en\/wp-json\/wp\/v2\/pages\/3339"}],"wp:attachment":[{"href":"https:\/\/kvalitetazivota.org\/en\/wp-json\/wp\/v2\/media?parent=3361"}],"curies":[{"name":"wp","href":"https:\/\/api.w.org\/{rel}","templated":true}]}}