{"id":3357,"date":"2025-05-01T08:53:19","date_gmt":"2025-05-01T08:53:19","guid":{"rendered":"https:\/\/kvalitetazivota.org\/?page_id=3357"},"modified":"2025-06-27T13:02:25","modified_gmt":"2025-06-27T13:02:25","slug":"webinar-zakljucak-1-2","status":"publish","type":"page","link":"https:\/\/kvalitetazivota.org\/en\/projekti\/webinar-zakljucak-1-2\/","title":{"rendered":"Webinar-Zaklju\u010dak 2."},"content":{"rendered":"<div data-elementor-type=\"wp-page\" data-elementor-id=\"3357\" class=\"elementor elementor-3357\">\n\t\t\t\t<div class=\"elementor-element elementor-element-13109ec9 e-flex e-con-boxed e-con e-parent\" data-id=\"13109ec9\" data-element_type=\"container\" data-e-type=\"container\">\n\t\t\t\t\t<div class=\"e-con-inner\">\n\t\t\t\t<div class=\"elementor-element elementor-element-55524ee4 elementor-widget elementor-widget-heading\" data-id=\"55524ee4\" data-element_type=\"widget\" data-e-type=\"widget\" data-widget_type=\"heading.default\">\n\t\t\t\t<div class=\"elementor-widget-container\">\n\t\t\t\t\t<h2 class=\"elementor-heading-title elementor-size-default\">Webinar \u201eTreba li svaka uvala luku?\u201c odr\u017ean 23. travnja 2025. - Zaklju\u010dak 2.<\/h2>\t\t\t\t<\/div>\n\t\t\t\t<\/div>\n\t\t\t\t\t<\/div>\n\t\t\t\t<\/div>\n\t\t<div class=\"elementor-element elementor-element-14222397 e-flex e-con-boxed e-con e-parent\" data-id=\"14222397\" data-element_type=\"container\" data-e-type=\"container\">\n\t\t\t\t\t<div class=\"e-con-inner\">\n\t\t<div class=\"elementor-element elementor-element-6c5c4a1 e-con-full e-flex e-con e-child\" data-id=\"6c5c4a1\" data-element_type=\"container\" data-e-type=\"container\">\n\t\t\t\t<div class=\"elementor-element elementor-element-44396782 elementor-widget elementor-widget-image\" data-id=\"44396782\" data-element_type=\"widget\" data-e-type=\"widget\" data-widget_type=\"image.default\">\n\t\t\t\t<div class=\"elementor-widget-container\">\n\t\t\t\t\t\t\t\t\t\t\t\t\t\t\t<img fetchpriority=\"high\" decoding=\"async\" width=\"1024\" height=\"794\" src=\"https:\/\/kvalitetazivota.org\/wp-content\/uploads\/2025\/05\/trample-784060_1280-1024x794.jpg\" class=\"attachment-large size-large wp-image-3380\" alt=\"\" srcset=\"https:\/\/kvalitetazivota.org\/wp-content\/uploads\/2025\/05\/trample-784060_1280-1024x794.jpg 1024w, https:\/\/kvalitetazivota.org\/wp-content\/uploads\/2025\/05\/trample-784060_1280-300x233.jpg 300w, https:\/\/kvalitetazivota.org\/wp-content\/uploads\/2025\/05\/trample-784060_1280-768x595.jpg 768w, https:\/\/kvalitetazivota.org\/wp-content\/uploads\/2025\/05\/trample-784060_1280-15x12.jpg 15w, https:\/\/kvalitetazivota.org\/wp-content\/uploads\/2025\/05\/trample-784060_1280.jpg 1280w\" sizes=\"(max-width: 1024px) 100vw, 1024px\" \/>\t\t\t\t\t\t\t\t\t\t\t\t\t\t\t<\/div>\n\t\t\t\t<\/div>\n\t\t\t\t<\/div>\n\t\t<div class=\"elementor-element elementor-element-3b958c3e e-con-full e-flex e-con e-child\" data-id=\"3b958c3e\" data-element_type=\"container\" data-e-type=\"container\">\n\t\t\t\t<div class=\"elementor-element elementor-element-cd3e66c elementor-widget elementor-widget-text-editor\" data-id=\"cd3e66c\" data-element_type=\"widget\" data-e-type=\"widget\" data-widget_type=\"text-editor.default\">\n\t\t\t\t<div class=\"elementor-widget-container\">\n\t\t\t\t\t\t\t\t\t<p><strong>Od javnog interesa do privatnog profita?<\/strong><\/p><p>Lokalno stanovni\u0161tvo sve \u010de\u0161\u0107e izra\u017eava zabrinutost jer se prostorni zahvati koji se predstavljaju kao infrastrukturni projekti za potrebe zajednice ne \u010dine uskla\u0111enima sa stvarnim potrebama i brojem ljudi koji ondje \u017eive. Mje\u0161tanima Dajle i drugih priobalnih naselja nije jasno za\u0161to se grade predimenzionirane luke s obja\u0161njenjem da su namijenjene komunalnim vezovima za lokalno stanovni\u0161tvo.<\/p><p>Kada se gra\u0111ani poku\u0161aju organizirati, razmijeniti informacije ili javno postaviti pitanja o projektu, \u010desto se suo\u010davaju s prijavama \u2013 bilo policiji, bilo putem kaznenih postupaka zbog klevete ili navodne povrede ugleda.<\/p><p>Koriste se brojni argumenti kako bi se lokalno stanovni\u0161tvo uvjerilo u prednosti ovakvih projekata. Me\u0111utim, gra\u0111ani u pozadini prepoznaju prvenstveno ekonomske interese. Kao primjer navode luke otvorene za javni promet lokalnog zna\u010daja koje su u praksi postale neformalne marine, pri \u010demu lokalna prometna i komunalna infrastruktura nije prilago\u0111ena dodatnom optere\u0107enju.<\/p>\t\t\t\t\t\t\t\t<\/div>\n\t\t\t\t<\/div>\n\t\t\t\t<\/div>\n\t\t\t\t\t<\/div>\n\t\t\t\t<\/div>\n\t\t<div class=\"elementor-element elementor-element-23c34d22 e-flex e-con-boxed e-con e-parent\" data-id=\"23c34d22\" data-element_type=\"container\" data-e-type=\"container\">\n\t\t\t\t\t<div class=\"e-con-inner\">\n\t\t<div class=\"elementor-element elementor-element-6a316818 e-con-full e-flex e-con e-child\" data-id=\"6a316818\" data-element_type=\"container\" data-e-type=\"container\">\n\t\t\t\t<div class=\"elementor-element elementor-element-25dcdb7e elementor-widget elementor-widget-image\" data-id=\"25dcdb7e\" data-element_type=\"widget\" data-e-type=\"widget\" data-widget_type=\"image.default\">\n\t\t\t\t<div class=\"elementor-widget-container\">\n\t\t\t\t\t\t\t\t\t\t\t\t\t\t\t<img decoding=\"async\" width=\"1024\" height=\"682\" src=\"https:\/\/kvalitetazivota.org\/wp-content\/uploads\/2025\/05\/audience-2816353_1280-1024x682.jpg\" class=\"attachment-large size-large wp-image-3387\" alt=\"\" srcset=\"https:\/\/kvalitetazivota.org\/wp-content\/uploads\/2025\/05\/audience-2816353_1280-1024x682.jpg 1024w, https:\/\/kvalitetazivota.org\/wp-content\/uploads\/2025\/05\/audience-2816353_1280-300x200.jpg 300w, https:\/\/kvalitetazivota.org\/wp-content\/uploads\/2025\/05\/audience-2816353_1280-768x512.jpg 768w, https:\/\/kvalitetazivota.org\/wp-content\/uploads\/2025\/05\/audience-2816353_1280-18x12.jpg 18w, https:\/\/kvalitetazivota.org\/wp-content\/uploads\/2025\/05\/audience-2816353_1280.jpg 1280w\" sizes=\"(max-width: 1024px) 100vw, 1024px\" \/>\t\t\t\t\t\t\t\t\t\t\t\t\t\t\t<\/div>\n\t\t\t\t<\/div>\n\t\t\t\t<\/div>\n\t\t<div class=\"elementor-element elementor-element-2561b9e4 e-con-full e-flex e-con e-child\" data-id=\"2561b9e4\" data-element_type=\"container\" data-e-type=\"container\">\n\t\t\t\t<div class=\"elementor-element elementor-element-6754b702 elementor-widget elementor-widget-text-editor\" data-id=\"6754b702\" data-element_type=\"widget\" data-e-type=\"widget\" data-widget_type=\"text-editor.default\">\n\t\t\t\t<div class=\"elementor-widget-container\">\n\t\t\t\t\t\t\t\t\t<p>Postoje\u0107a Uredba o sudjelovanju javnosti iz 2008. godine do danas se nije mijenjala, iako su se u me\u0111uvremenu mijenjali zakoni i europske direktive na koje se uredba odnosi. Odredbe te Uredbe danas vi\u0161e ne prate suvremene standarde uklju\u010divanja gra\u0111ana u procese odlu\u010divanja.<\/p>\n<p>Iako na javne rasprave reagira manji broj gra\u0111ana, te\u0161ko je povjerovati da javnost nije zainteresirana. Problem vjerojatno le\u017ei u na\u010dinu informiranja \u2013 ako se najave i objave, prosje\u010dnom gra\u0111aninu \u010desto ih je gotovo nemogu\u0107e prona\u0107i na slu\u017ebenim mre\u017enim stranicama, bilo zbog njihove nepristupa\u010dnosti, nejasne strukture ili zbunjuju\u0107ih naziva objava. Zbog toga gra\u0111ani naj\u010de\u0161\u0107e niti ne znaju da su odre\u0111eni postupci u tijeku, a kad se kasnije jave s primjedbama, odgovara im se da su zakasnili.<\/p>\n<p>U rijetkim situacijama kada i do\u0111e do javne rasprave, ozbiljnost kojom se tretiraju komentari gra\u0111ana \u010desto ovisi vi\u0161e o njihovoj organiziranosti i upornosti nego o sadr\u017eaju samih primjedbi.<\/p>\t\t\t\t\t\t\t\t<\/div>\n\t\t\t\t<\/div>\n\t\t\t\t<\/div>\n\t\t\t\t\t<\/div>\n\t\t\t\t<\/div>\n\t\t<div class=\"elementor-element elementor-element-443e0a5b e-flex e-con-boxed e-con e-parent\" data-id=\"443e0a5b\" data-element_type=\"container\" data-e-type=\"container\">\n\t\t\t\t\t<div class=\"e-con-inner\">\n\t\t<div class=\"elementor-element elementor-element-43d6a6eb e-con-full e-flex e-con e-child\" data-id=\"43d6a6eb\" data-element_type=\"container\" data-e-type=\"container\">\n\t\t\t\t<div class=\"elementor-element elementor-element-5fc380fd elementor-widget elementor-widget-image\" data-id=\"5fc380fd\" data-element_type=\"widget\" data-e-type=\"widget\" data-widget_type=\"image.default\">\n\t\t\t\t<div class=\"elementor-widget-container\">\n\t\t\t\t\t\t\t\t\t\t\t\t\t\t\t<img decoding=\"async\" width=\"1024\" height=\"682\" src=\"https:\/\/kvalitetazivota.org\/wp-content\/uploads\/2025\/05\/concrete-pump-2222450_1280-1024x682.jpg\" class=\"attachment-large size-large wp-image-3403\" alt=\"\" srcset=\"https:\/\/kvalitetazivota.org\/wp-content\/uploads\/2025\/05\/concrete-pump-2222450_1280-1024x682.jpg 1024w, https:\/\/kvalitetazivota.org\/wp-content\/uploads\/2025\/05\/concrete-pump-2222450_1280-300x200.jpg 300w, https:\/\/kvalitetazivota.org\/wp-content\/uploads\/2025\/05\/concrete-pump-2222450_1280-768x512.jpg 768w, https:\/\/kvalitetazivota.org\/wp-content\/uploads\/2025\/05\/concrete-pump-2222450_1280-18x12.jpg 18w, https:\/\/kvalitetazivota.org\/wp-content\/uploads\/2025\/05\/concrete-pump-2222450_1280.jpg 1280w\" sizes=\"(max-width: 1024px) 100vw, 1024px\" \/>\t\t\t\t\t\t\t\t\t\t\t\t\t\t\t<\/div>\n\t\t\t\t<\/div>\n\t\t\t\t<\/div>\n\t\t<div class=\"elementor-element elementor-element-4c6b545a e-con-full e-flex e-con e-child\" data-id=\"4c6b545a\" data-element_type=\"container\" data-e-type=\"container\">\n\t\t\t\t<div class=\"elementor-element elementor-element-1e4494c9 elementor-widget elementor-widget-text-editor\" data-id=\"1e4494c9\" data-element_type=\"widget\" data-e-type=\"widget\" data-widget_type=\"text-editor.default\">\n\t\t\t\t<div class=\"elementor-widget-container\">\n\t\t\t\t\t\t\t\t\t<p>Europske direktive jasno zahtijevaju procjenu stvarnog utjecaja projekata na ljude i njihove \u017eivote, no one se rijetko provode. Projekti se \u010desto predstavljaju kao korisni za razvoj lokalne zajednice, iako u stvarnosti mogu znatno naru\u0161iti kvalitetu \u017eivota njezinih stanovnika.<\/p><p><b>Idemo li putem \u0160panjolske?<\/b><\/p>\t\t\t\t\t\t\t\t<\/div>\n\t\t\t\t<\/div>\n\t\t\t\t<\/div>\n\t\t\t\t\t<\/div>\n\t\t\t\t<\/div>\n\t\t<div class=\"elementor-element elementor-element-7c6b1d8 e-flex e-con-boxed e-con e-parent\" data-id=\"7c6b1d8\" data-element_type=\"container\" data-e-type=\"container\" data-settings=\"{&quot;background_background&quot;:&quot;classic&quot;}\">\n\t\t\t\t\t<div class=\"e-con-inner\">\n\t\t<div class=\"elementor-element elementor-element-2869c401 e-con-full e-flex e-con e-child\" data-id=\"2869c401\" data-element_type=\"container\" data-e-type=\"container\">\n\t\t\t\t<div class=\"elementor-element elementor-element-3be14041 elementor-widget__width-initial elementor-widget elementor-widget-text-editor\" data-id=\"3be14041\" data-element_type=\"widget\" data-e-type=\"widget\" data-widget_type=\"text-editor.default\">\n\t\t\t\t<div class=\"elementor-widget-container\">\n\t\t\t\t\t\t\t\t\t<p><b>Suggestions for change:<\/b><\/p>\n<p><b>A\u017eurirati Uredbu o sudjelovanju javnosti tako da objave o prostornim planovima, zahvatima u prostoru i povezanim<\/b> <b>javnim raspravama budu obvezne na mre\u017enim stranicama i putem lokalnih medija (radio, portali, novine), kao i na oglasnim plo\u010dama gradova i op\u0107ina \u2013 uz jasno istaknute informacije o rokovima i na\u010dinu sudjelovanja.<\/b><\/p>\n<p><b>Uvesti o\u010duvanje kvalitete \u017eivota i tradicije zajednice kao obvezan kriterij u procjeni utjecaja zahvata na lokalno stanovni\u0161tvo, a ne temeljiti procjenu isklju\u010divo na gospodarskom razvoju.<\/b><\/p>\t\t\t\t\t\t\t\t<\/div>\n\t\t\t\t<\/div>\n\t\t\t\t<\/div>\n\t\t\t\t\t<\/div>\n\t\t\t\t<\/div>\n\t\t<div class=\"elementor-element elementor-element-2aed5158 e-flex e-con-boxed e-con e-parent\" data-id=\"2aed5158\" data-element_type=\"container\" data-e-type=\"container\">\n\t\t\t\t\t<div class=\"e-con-inner\">\n\t\t<div class=\"elementor-element elementor-element-55389f46 e-con-full e-flex e-con e-child\" data-id=\"55389f46\" data-element_type=\"container\" data-e-type=\"container\">\n\t\t\t\t<div class=\"elementor-element elementor-element-246f9e29 elementor-widget elementor-widget-text-editor\" data-id=\"246f9e29\" data-element_type=\"widget\" data-e-type=\"widget\" data-widget_type=\"text-editor.default\">\n\t\t\t\t<div class=\"elementor-widget-container\">\n\t\t\t\t\t\t\t\t\t<p>If you have a similar problem<\/p>\t\t\t\t\t\t\t\t<\/div>\n\t\t\t\t<\/div>\n\t\t\t\t<div class=\"elementor-element elementor-element-78731e58 elementor-align-center elementor-widget elementor-widget-button\" data-id=\"78731e58\" data-element_type=\"widget\" data-e-type=\"widget\" data-widget_type=\"button.default\">\n\t\t\t\t<div class=\"elementor-widget-container\">\n\t\t\t\t\t\t\t\t\t<div class=\"elementor-button-wrapper\">\n\t\t\t\t\t<a class=\"elementor-button elementor-button-link elementor-size-sm\" href=\"https:\/\/kvalitetazivota.org\/en\/kontakt\/\">\n\t\t\t\t\t\t<span class=\"elementor-button-content-wrapper\">\n\t\t\t\t\t\t\t\t\t<span class=\"elementor-button-text\">Tell us a story<\/span>\n\t\t\t\t\t<\/span>\n\t\t\t\t\t<\/a>\n\t\t\t\t<\/div>\n\t\t\t\t\t\t\t\t<\/div>\n\t\t\t\t<\/div>\n\t\t\t\t<\/div>\n\t\t<div class=\"elementor-element elementor-element-7ab88a e-con-full e-flex e-con e-child\" data-id=\"7ab88a\" data-element_type=\"container\" data-e-type=\"container\">\n\t\t\t\t<div class=\"elementor-element elementor-element-79ec054a elementor-widget elementor-widget-text-editor\" data-id=\"79ec054a\" data-element_type=\"widget\" data-e-type=\"widget\" data-widget_type=\"text-editor.default\">\n\t\t\t\t<div class=\"elementor-widget-container\">\n\t\t\t\t\t\t\t\t\t<p>If you want to protect the coast too<\/p>\t\t\t\t\t\t\t\t<\/div>\n\t\t\t\t<\/div>\n\t\t\t\t<div class=\"elementor-element elementor-element-67d960e4 elementor-align-center elementor-widget elementor-widget-button\" data-id=\"67d960e4\" data-element_type=\"widget\" data-e-type=\"widget\" data-widget_type=\"button.default\">\n\t\t\t\t<div class=\"elementor-widget-container\">\n\t\t\t\t\t\t\t\t\t<div class=\"elementor-button-wrapper\">\n\t\t\t\t\t<a class=\"elementor-button elementor-button-link elementor-size-sm\" href=\"https:\/\/kvalitetazivota.org\/en\/kontakt\/\">\n\t\t\t\t\t\t<span class=\"elementor-button-content-wrapper\">\n\t\t\t\t\t\t\t\t\t<span class=\"elementor-button-text\">Join us<\/span>\n\t\t\t\t\t<\/span>\n\t\t\t\t\t<\/a>\n\t\t\t\t<\/div>\n\t\t\t\t\t\t\t\t<\/div>\n\t\t\t\t<\/div>\n\t\t\t\t<\/div>\n\t\t<div class=\"elementor-element elementor-element-22bbab22 e-con-full e-flex e-con e-child\" data-id=\"22bbab22\" data-element_type=\"container\" data-e-type=\"container\">\n\t\t\t\t<div class=\"elementor-element elementor-element-b6147a2 elementor-widget elementor-widget-text-editor\" data-id=\"b6147a2\" data-element_type=\"widget\" data-e-type=\"widget\" data-widget_type=\"text-editor.default\">\n\t\t\t\t<div class=\"elementor-widget-container\">\n\t\t\t\t\t\t\t\t\t<p>If you want to help us continue and expand the project<\/p>\t\t\t\t\t\t\t\t<\/div>\n\t\t\t\t<\/div>\n\t\t\t\t<div class=\"elementor-element elementor-element-abe20b3 elementor-align-center elementor-widget elementor-widget-button\" data-id=\"abe20b3\" data-element_type=\"widget\" data-e-type=\"widget\" data-widget_type=\"button.default\">\n\t\t\t\t<div class=\"elementor-widget-container\">\n\t\t\t\t\t\t\t\t\t<div class=\"elementor-button-wrapper\">\n\t\t\t\t\t<a class=\"elementor-button elementor-button-link elementor-size-sm\" href=\"https:\/\/kvalitetazivota.org\/en\/kontakt\/#donate\">\n\t\t\t\t\t\t<span class=\"elementor-button-content-wrapper\">\n\t\t\t\t\t\t\t\t\t<span class=\"elementor-button-text\">Donate<\/span>\n\t\t\t\t\t<\/span>\n\t\t\t\t\t<\/a>\n\t\t\t\t<\/div>\n\t\t\t\t\t\t\t\t<\/div>\n\t\t\t\t<\/div>\n\t\t\t\t<\/div>\n\t\t\t\t\t<\/div>\n\t\t\t\t<\/div>\n\t\t<div class=\"elementor-element elementor-element-48ef1783 e-flex e-con-boxed e-con e-parent\" data-id=\"48ef1783\" data-element_type=\"container\" data-e-type=\"container\">\n\t\t\t\t\t<div class=\"e-con-inner\">\n\t\t<div class=\"elementor-element elementor-element-6f40b621 e-flex e-con-boxed e-con e-child\" data-id=\"6f40b621\" data-element_type=\"container\" data-e-type=\"container\">\n\t\t\t\t\t<div class=\"e-con-inner\">\n\t\t\t\t<div class=\"elementor-element elementor-element-1c0048d3 elementor-widget__width-initial elementor-position-top elementor-widget elementor-widget-image-box\" data-id=\"1c0048d3\" data-element_type=\"widget\" data-e-type=\"widget\" data-widget_type=\"image-box.default\">\n\t\t\t\t<div class=\"elementor-widget-container\">\n\t\t\t\t\t<div class=\"elementor-image-box-wrapper\"><figure class=\"elementor-image-box-img\"><img loading=\"lazy\" decoding=\"async\" width=\"2560\" height=\"901\" src=\"https:\/\/kvalitetazivota.org\/wp-content\/uploads\/2025\/02\/CNVOS_WEB_IMACT4VALUES_NAPIS_BARVNO_DVOVRSTICNO_DOLGO_HR_ZASTAVA-scaled.webp\" class=\"attachment-full size-full wp-image-2990\" alt=\"CNVOS_WEB_IMACT4VALUES\" srcset=\"https:\/\/kvalitetazivota.org\/wp-content\/uploads\/2025\/02\/CNVOS_WEB_IMACT4VALUES_NAPIS_BARVNO_DVOVRSTICNO_DOLGO_HR_ZASTAVA-scaled.webp 2560w, https:\/\/kvalitetazivota.org\/wp-content\/uploads\/2025\/02\/CNVOS_WEB_IMACT4VALUES_NAPIS_BARVNO_DVOVRSTICNO_DOLGO_HR_ZASTAVA-300x106.webp 300w, https:\/\/kvalitetazivota.org\/wp-content\/uploads\/2025\/02\/CNVOS_WEB_IMACT4VALUES_NAPIS_BARVNO_DVOVRSTICNO_DOLGO_HR_ZASTAVA-1024x361.webp 1024w, https:\/\/kvalitetazivota.org\/wp-content\/uploads\/2025\/02\/CNVOS_WEB_IMACT4VALUES_NAPIS_BARVNO_DVOVRSTICNO_DOLGO_HR_ZASTAVA-768x270.webp 768w, https:\/\/kvalitetazivota.org\/wp-content\/uploads\/2025\/02\/CNVOS_WEB_IMACT4VALUES_NAPIS_BARVNO_DVOVRSTICNO_DOLGO_HR_ZASTAVA-1536x541.webp 1536w, https:\/\/kvalitetazivota.org\/wp-content\/uploads\/2025\/02\/CNVOS_WEB_IMACT4VALUES_NAPIS_BARVNO_DVOVRSTICNO_DOLGO_HR_ZASTAVA-2048x721.webp 2048w, https:\/\/kvalitetazivota.org\/wp-content\/uploads\/2025\/02\/CNVOS_WEB_IMACT4VALUES_NAPIS_BARVNO_DVOVRSTICNO_DOLGO_HR_ZASTAVA-18x6.webp 18w\" sizes=\"(max-width: 2560px) 100vw, 2560px\" \/><\/figure><div class=\"elementor-image-box-content\"><p class=\"elementor-image-box-description\">Financirano sredstvima Europske unije. Izneseni stavovi i mi\u0161ljenja su stavovi i mi\u0161ljenja autora i ne moraju se podudarati sa stavovima i mi\u0161ljenjima Europske unije ili Europske izvr\u0161ne agencije za obrazovanje i kulturu (EACEA). Ni Europska unija ni EACEA ne mogu se smatrati odgovornima za njih.<\/p><\/div><\/div>\t\t\t\t<\/div>\n\t\t\t\t<\/div>\n\t\t\t\t<div class=\"elementor-element elementor-element-723e87da elementor-widget__width-initial elementor-position-top elementor-widget elementor-widget-image-box\" data-id=\"723e87da\" data-element_type=\"widget\" data-e-type=\"widget\" data-widget_type=\"image-box.default\">\n\t\t\t\t<div class=\"elementor-widget-container\">\n\t\t\t\t\t<div class=\"elementor-image-box-wrapper\"><figure class=\"elementor-image-box-img\"><img loading=\"lazy\" decoding=\"async\" width=\"1191\" height=\"842\" src=\"https:\/\/kvalitetazivota.org\/wp-content\/uploads\/2025\/02\/Ured-za-udruge_LOGO_HR_RGB_72dpi_vertical_1191x842px.png\" class=\"attachment-full size-full wp-image-2991\" alt=\"Ured-za-udruge_LOGO\" srcset=\"https:\/\/kvalitetazivota.org\/wp-content\/uploads\/2025\/02\/Ured-za-udruge_LOGO_HR_RGB_72dpi_vertical_1191x842px.png 1191w, https:\/\/kvalitetazivota.org\/wp-content\/uploads\/2025\/02\/Ured-za-udruge_LOGO_HR_RGB_72dpi_vertical_1191x842px-300x212.png 300w, https:\/\/kvalitetazivota.org\/wp-content\/uploads\/2025\/02\/Ured-za-udruge_LOGO_HR_RGB_72dpi_vertical_1191x842px-1024x724.png 1024w, https:\/\/kvalitetazivota.org\/wp-content\/uploads\/2025\/02\/Ured-za-udruge_LOGO_HR_RGB_72dpi_vertical_1191x842px-768x543.png 768w, https:\/\/kvalitetazivota.org\/wp-content\/uploads\/2025\/02\/Ured-za-udruge_LOGO_HR_RGB_72dpi_vertical_1191x842px-18x12.png 18w\" sizes=\"(max-width: 1191px) 100vw, 1191px\" \/><\/figure><div class=\"elementor-image-box-content\"><p class=\"elementor-image-box-description\">Program Impact4Values sufinancira Ured za udruge Vlade Republike Hrvatske.\n\nStajali\u0161ta izra\u017eena u tekstovima koji se odnose na ovaj projekt isklju\u010diva su odgovornost Udruge za podizanje kvalitete \u017eivota \"Get to Life\" i ne odra\u017eavaju stajali\u0161te Ureda za udruge Vlade Republike Hrvatske.\n<\/p><\/div><\/div>\t\t\t\t<\/div>\n\t\t\t\t<\/div>\n\t\t\t\t\t<\/div>\n\t\t\t\t<\/div>\n\t\t\t\t\t<\/div>\n\t\t\t\t<\/div>\n\t\t\t\t<\/div>","protected":false},"excerpt":{"rendered":"<p>Webinar \u201eTreba li svaka uvala luku?\u201c odr\u017ean 23. travnja 2025. &#8211; Zaklju\u010dak 2. Od javnog interesa do privatnog profita? Lokalno stanovni\u0161tvo sve \u010de\u0161\u0107e izra\u017eava zabrinutost jer se prostorni zahvati koji se predstavljaju kao infrastrukturni projekti za potrebe zajednice ne \u010dine uskla\u0111enima sa stvarnim potrebama i brojem ljudi koji ondje \u017eive. Mje\u0161tanima Dajle i drugih priobalnih [&hellip;]<\/p>\n","protected":false},"author":2,"featured_media":0,"parent":3339,"menu_order":0,"comment_status":"closed","ping_status":"closed","template":"","meta":{"site-sidebar-layout":"no-sidebar","site-content-layout":"page-builder","ast-site-content-layout":"full-width-container","site-content-style":"default","site-sidebar-style":"default","ast-global-header-display":"","ast-banner-title-visibility":"","ast-main-header-display":"","ast-hfb-above-header-display":"","ast-hfb-below-header-display":"","ast-hfb-mobile-header-display":"","site-post-title":"disabled","ast-breadcrumbs-content":"","ast-featured-img":"disabled","footer-sml-layout":"","ast-disable-related-posts":"","theme-transparent-header-meta":"","adv-header-id-meta":"","stick-header-meta":"","header-above-stick-meta":"","header-main-stick-meta":"","header-below-stick-meta":"","astra-migrate-meta-layouts":"set","ast-page-background-enabled":"default","ast-page-background-meta":{"desktop":{"background-color":"","background-image":"","background-repeat":"repeat","background-position":"center center","background-size":"auto","background-attachment":"scroll","background-type":"","background-media":"","overlay-type":"","overlay-color":"","overlay-opacity":"","overlay-gradient":""},"tablet":{"background-color":"","background-image":"","background-repeat":"repeat","background-position":"center center","background-size":"auto","background-attachment":"scroll","background-type":"","background-media":"","overlay-type":"","overlay-color":"","overlay-opacity":"","overlay-gradient":""},"mobile":{"background-color":"","background-image":"","background-repeat":"repeat","background-position":"center center","background-size":"auto","background-attachment":"scroll","background-type":"","background-media":"","overlay-type":"","overlay-color":"","overlay-opacity":"","overlay-gradient":""}},"ast-content-background-meta":{"desktop":{"background-color":"var(--ast-global-color-5)","background-image":"","background-repeat":"repeat","background-position":"center center","background-size":"auto","background-attachment":"scroll","background-type":"","background-media":"","overlay-type":"","overlay-color":"","overlay-opacity":"","overlay-gradient":""},"tablet":{"background-color":"var(--ast-global-color-5)","background-image":"","background-repeat":"repeat","background-position":"center center","background-size":"auto","background-attachment":"scroll","background-type":"","background-media":"","overlay-type":"","overlay-color":"","overlay-opacity":"","overlay-gradient":""},"mobile":{"background-color":"var(--ast-global-color-5)","background-image":"","background-repeat":"repeat","background-position":"center center","background-size":"auto","background-attachment":"scroll","background-type":"","background-media":"","overlay-type":"","overlay-color":"","overlay-opacity":"","overlay-gradient":""}},"footnotes":""},"class_list":["post-3357","page","type-page","status-publish","hentry"],"_links":{"self":[{"href":"https:\/\/kvalitetazivota.org\/en\/wp-json\/wp\/v2\/pages\/3357","targetHints":{"allow":["GET"]}}],"collection":[{"href":"https:\/\/kvalitetazivota.org\/en\/wp-json\/wp\/v2\/pages"}],"about":[{"href":"https:\/\/kvalitetazivota.org\/en\/wp-json\/wp\/v2\/types\/page"}],"author":[{"embeddable":true,"href":"https:\/\/kvalitetazivota.org\/en\/wp-json\/wp\/v2\/users\/2"}],"replies":[{"embeddable":true,"href":"https:\/\/kvalitetazivota.org\/en\/wp-json\/wp\/v2\/comments?post=3357"}],"version-history":[{"count":0,"href":"https:\/\/kvalitetazivota.org\/en\/wp-json\/wp\/v2\/pages\/3357\/revisions"}],"up":[{"embeddable":true,"href":"https:\/\/kvalitetazivota.org\/en\/wp-json\/wp\/v2\/pages\/3339"}],"wp:attachment":[{"href":"https:\/\/kvalitetazivota.org\/en\/wp-json\/wp\/v2\/media?parent=3357"}],"curies":[{"name":"wp","href":"https:\/\/api.w.org\/{rel}","templated":true}]}}