{"id":2934,"date":"2025-02-24T19:21:09","date_gmt":"2025-02-24T19:21:09","guid":{"rendered":"https:\/\/kvalitetazivota.org\/?page_id=2934"},"modified":"2025-06-27T13:00:50","modified_gmt":"2025-06-27T13:00:50","slug":"webinar-zakljucak-1","status":"publish","type":"page","link":"https:\/\/kvalitetazivota.org\/en\/projekti\/webinar-zakljucak-1\/","title":{"rendered":"Webinar-Zaklju\u010dak 1."},"content":{"rendered":"<div data-elementor-type=\"wp-page\" data-elementor-id=\"2934\" class=\"elementor elementor-2934\">\n\t\t\t\t<div class=\"elementor-element elementor-element-c60f2fd e-flex e-con-boxed e-con e-parent\" data-id=\"c60f2fd\" data-element_type=\"container\" data-e-type=\"container\">\n\t\t\t\t\t<div class=\"e-con-inner\">\n\t\t\t\t<div class=\"elementor-element elementor-element-3898874 elementor-widget elementor-widget-heading\" data-id=\"3898874\" data-element_type=\"widget\" data-e-type=\"widget\" data-widget_type=\"heading.default\">\n\t\t\t\t<div class=\"elementor-widget-container\">\n\t\t\t\t\t<h2 class=\"elementor-heading-title elementor-size-default\">Webinar \"Does Every Bay Need a Port?\" held on April 23, 2025 - Conclusion 1.<\/h2>\t\t\t\t<\/div>\n\t\t\t\t<\/div>\n\t\t\t\t\t<\/div>\n\t\t\t\t<\/div>\n\t\t<div class=\"elementor-element elementor-element-91056d9 e-flex e-con-boxed e-con e-parent\" data-id=\"91056d9\" data-element_type=\"container\" data-e-type=\"container\">\n\t\t\t\t\t<div class=\"e-con-inner\">\n\t\t<div class=\"elementor-element elementor-element-6812f6a e-con-full e-flex e-con e-child\" data-id=\"6812f6a\" data-element_type=\"container\" data-e-type=\"container\">\n\t\t\t\t<div class=\"elementor-element elementor-element-1657cf0 elementor-widget elementor-widget-image\" data-id=\"1657cf0\" data-element_type=\"widget\" data-e-type=\"widget\" data-widget_type=\"image.default\">\n\t\t\t\t<div class=\"elementor-widget-container\">\n\t\t\t\t\t\t\t\t\t\t\t\t\t\t\t<img fetchpriority=\"high\" decoding=\"async\" width=\"1024\" height=\"682\" src=\"https:\/\/kvalitetazivota.org\/wp-content\/uploads\/2025\/04\/yacht-823657_1280-1024x682.jpg\" class=\"attachment-large size-large wp-image-3264\" alt=\"\" srcset=\"https:\/\/kvalitetazivota.org\/wp-content\/uploads\/2025\/04\/yacht-823657_1280-1024x682.jpg 1024w, https:\/\/kvalitetazivota.org\/wp-content\/uploads\/2025\/04\/yacht-823657_1280-300x200.jpg 300w, https:\/\/kvalitetazivota.org\/wp-content\/uploads\/2025\/04\/yacht-823657_1280-768x512.jpg 768w, https:\/\/kvalitetazivota.org\/wp-content\/uploads\/2025\/04\/yacht-823657_1280-18x12.jpg 18w, https:\/\/kvalitetazivota.org\/wp-content\/uploads\/2025\/04\/yacht-823657_1280.jpg 1280w\" sizes=\"(max-width: 1024px) 100vw, 1024px\" \/>\t\t\t\t\t\t\t\t\t\t\t\t\t\t\t<\/div>\n\t\t\t\t<\/div>\n\t\t\t\t<\/div>\n\t\t<div class=\"elementor-element elementor-element-e867c62 e-con-full e-flex e-con e-child\" data-id=\"e867c62\" data-element_type=\"container\" data-e-type=\"container\">\n\t\t\t\t<div class=\"elementor-element elementor-element-fcb4a16 elementor-widget elementor-widget-text-editor\" data-id=\"fcb4a16\" data-element_type=\"widget\" data-e-type=\"widget\" data-widget_type=\"text-editor.default\">\n\t\t\t\t<div class=\"elementor-widget-container\">\n\t\t\t\t\t\t\t\t\t<p><strong style=\"font-size: 16px;\">More and more ports, fewer and fewer communal berths?<\/strong><\/p><p>More and more ports are being built on the Croatian coast, which are presented in the plans as ports for the needs of the local population. But the reality shows something completely different: it is increasingly difficult to find a free berth for personal use, while commercial vessels and the nautical sector are experiencing unhindered growth.<\/p>\t\t\t\t\t\t\t\t<\/div>\n\t\t\t\t<\/div>\n\t\t\t\t<div class=\"elementor-element elementor-element-a64b82b elementor-widget elementor-widget-text-editor\" data-id=\"a64b82b\" data-element_type=\"widget\" data-e-type=\"widget\" data-widget_type=\"text-editor.default\">\n\t\t\t\t<div class=\"elementor-widget-container\">\n\t\t\t\t\t\t\t\t\t<p><strong style=\"font-size: 16px;\">Are we really going to build ports in every bay?<\/strong><\/p><p>According to available data, Croatia today has about 125,000 domestic boats and yachts, along with about 55,000 foreign vessels and more than 900 charter companies. According to some estimates, as much as 40% of the world's charter fleet is based in Croatia. For a sensitive and closed marine system like the Adriatic, this represents enormous pressure \u2013 a pressure that is further increasing with new legislative frameworks.<\/p>\t\t\t\t\t\t\t\t<\/div>\n\t\t\t\t<\/div>\n\t\t\t\t<\/div>\n\t\t\t\t\t<\/div>\n\t\t\t\t<\/div>\n\t\t<div class=\"elementor-element elementor-element-39f7638 e-flex e-con-boxed e-con e-parent\" data-id=\"39f7638\" data-element_type=\"container\" data-e-type=\"container\">\n\t\t\t\t\t<div class=\"e-con-inner\">\n\t\t<div class=\"elementor-element elementor-element-78d2e7c e-con-full e-flex e-con e-child\" data-id=\"78d2e7c\" data-element_type=\"container\" data-e-type=\"container\">\n\t\t\t\t<div class=\"elementor-element elementor-element-5cb74a3 elementor-widget elementor-widget-image\" data-id=\"5cb74a3\" data-element_type=\"widget\" data-e-type=\"widget\" data-widget_type=\"image.default\">\n\t\t\t\t<div class=\"elementor-widget-container\">\n\t\t\t\t\t\t\t\t\t\t\t\t\t\t\t<img decoding=\"async\" width=\"1024\" height=\"616\" src=\"https:\/\/kvalitetazivota.org\/wp-content\/uploads\/2025\/04\/sea-4666946_1280-1024x616.jpg\" class=\"attachment-large size-large wp-image-3313\" alt=\"\" srcset=\"https:\/\/kvalitetazivota.org\/wp-content\/uploads\/2025\/04\/sea-4666946_1280-1024x616.jpg 1024w, https:\/\/kvalitetazivota.org\/wp-content\/uploads\/2025\/04\/sea-4666946_1280-300x180.jpg 300w, https:\/\/kvalitetazivota.org\/wp-content\/uploads\/2025\/04\/sea-4666946_1280-768x462.jpg 768w, https:\/\/kvalitetazivota.org\/wp-content\/uploads\/2025\/04\/sea-4666946_1280-18x12.jpg 18w, https:\/\/kvalitetazivota.org\/wp-content\/uploads\/2025\/04\/sea-4666946_1280.jpg 1280w\" sizes=\"(max-width: 1024px) 100vw, 1024px\" \/>\t\t\t\t\t\t\t\t\t\t\t\t\t\t\t<\/div>\n\t\t\t\t<\/div>\n\t\t\t\t<\/div>\n\t\t<div class=\"elementor-element elementor-element-16c1226 e-con-full e-flex e-con e-child\" data-id=\"16c1226\" data-element_type=\"container\" data-e-type=\"container\">\n\t\t\t\t<div class=\"elementor-element elementor-element-f8175b1 elementor-widget elementor-widget-text-editor\" data-id=\"f8175b1\" data-element_type=\"widget\" data-e-type=\"widget\" data-widget_type=\"text-editor.default\">\n\t\t\t\t<div class=\"elementor-widget-container\">\n\t\t\t\t\t\t\t\t\t<p>Communal berths, which have been the basis of the local maritime culture for decades, have been reduced to an exception by the Law on Maritime Domain and Seaports. They exist only within a port open to public traffic of local importance, and not as a separate category, while a port of special purpose for nautical tourism exists as a separate category.<\/p>\n<p>Pojednostavljeno, prostor luke otvorene za javni promet lokalnog zna\u010daja dijeli se na komunalni, operativni i nauti\u010dki dio. Iako je nauti\u010dki dio namijenjen za privremeno vezivanje nauti\u010dara u tranzitu, sve se vi\u0161e dodjeljuje u dugoro\u010dne koncesije i koristi za zimovanje brodica. Preostali prostor dijeli se na komunalne vezove za osobnu i gospodarsku upotrebu, no prema iskustvima lokalnog stanovni\u0161tva, vezovi za komercijalne brodove, poput charter brodova i izletni\u010dkih brodova, prevladavaju. Na taj na\u010din, komunalni vezovi za osobnu upotrebu postaju sve oskudniji, dok broj luka raste.<\/p>\t\t\t\t\t\t\t\t<\/div>\n\t\t\t\t<\/div>\n\t\t\t\t<\/div>\n\t\t\t\t\t<\/div>\n\t\t\t\t<\/div>\n\t\t<div class=\"elementor-element elementor-element-99e2db1 e-flex e-con-boxed e-con e-parent\" data-id=\"99e2db1\" data-element_type=\"container\" data-e-type=\"container\">\n\t\t\t\t\t<div class=\"e-con-inner\">\n\t\t<div class=\"elementor-element elementor-element-1ed82cd e-con-full e-flex e-con e-child\" data-id=\"1ed82cd\" data-element_type=\"container\" data-e-type=\"container\">\n\t\t\t\t<div class=\"elementor-element elementor-element-18ffa33 elementor-widget elementor-widget-image\" data-id=\"18ffa33\" data-element_type=\"widget\" data-e-type=\"widget\" data-widget_type=\"image.default\">\n\t\t\t\t<div class=\"elementor-widget-container\">\n\t\t\t\t\t\t\t\t\t\t\t\t\t\t\t<img decoding=\"async\" width=\"1024\" height=\"682\" src=\"https:\/\/kvalitetazivota.org\/wp-content\/uploads\/2025\/04\/brussels-4056171_1280-1024x682.jpg\" class=\"attachment-large size-large wp-image-3291\" alt=\"\" srcset=\"https:\/\/kvalitetazivota.org\/wp-content\/uploads\/2025\/04\/brussels-4056171_1280-1024x682.jpg 1024w, https:\/\/kvalitetazivota.org\/wp-content\/uploads\/2025\/04\/brussels-4056171_1280-300x200.jpg 300w, https:\/\/kvalitetazivota.org\/wp-content\/uploads\/2025\/04\/brussels-4056171_1280-768x512.jpg 768w, https:\/\/kvalitetazivota.org\/wp-content\/uploads\/2025\/04\/brussels-4056171_1280-18x12.jpg 18w, https:\/\/kvalitetazivota.org\/wp-content\/uploads\/2025\/04\/brussels-4056171_1280.jpg 1280w\" sizes=\"(max-width: 1024px) 100vw, 1024px\" \/>\t\t\t\t\t\t\t\t\t\t\t\t\t\t\t<\/div>\n\t\t\t\t<\/div>\n\t\t\t\t<\/div>\n\t\t<div class=\"elementor-element elementor-element-817ddb0 e-con-full e-flex e-con e-child\" data-id=\"817ddb0\" data-element_type=\"container\" data-e-type=\"container\">\n\t\t\t\t<div class=\"elementor-element elementor-element-6d8719d elementor-widget elementor-widget-text-editor\" data-id=\"6d8719d\" data-element_type=\"widget\" data-e-type=\"widget\" data-widget_type=\"text-editor.default\">\n\t\t\t\t<div class=\"elementor-widget-container\">\n\t\t\t\t\t\t\t\t\t<p>An additional problem is the lack of strategic planning. The National Maritime Space Management Plan, which Croatia was supposed to adopt by March 2021 according to the European Directive 2014\/89\/EU, has not yet been adopted. Instead, responsibility has been shifted to local units \u2013 municipalities, cities and counties \u2013 which further increases the fragmentation of the system.<\/p><p><b>Is our maritime tradition being erased in this way?<\/b><\/p>\t\t\t\t\t\t\t\t<\/div>\n\t\t\t\t<\/div>\n\t\t\t\t<\/div>\n\t\t\t\t\t<\/div>\n\t\t\t\t<\/div>\n\t\t<div class=\"elementor-element elementor-element-bebfead e-flex e-con-boxed e-con e-parent\" data-id=\"bebfead\" data-element_type=\"container\" data-e-type=\"container\" data-settings=\"{&quot;background_background&quot;:&quot;classic&quot;}\">\n\t\t\t\t\t<div class=\"e-con-inner\">\n\t\t<div class=\"elementor-element elementor-element-e225552 e-con-full e-flex e-con e-child\" data-id=\"e225552\" data-element_type=\"container\" data-e-type=\"container\">\n\t\t\t\t<div class=\"elementor-element elementor-element-653c87b elementor-widget__width-initial elementor-widget elementor-widget-text-editor\" data-id=\"653c87b\" data-element_type=\"widget\" data-e-type=\"widget\" data-widget_type=\"text-editor.default\">\n\t\t\t\t<div class=\"elementor-widget-container\">\n\t\t\t\t\t\t\t\t\t<p><b>Suggestions for change:<\/b><\/p>\n<p><b>Advocating for the amendment of the Maritime Domain and Seaports Act, with clear recognition and protection of the category of communal ports.<\/b><\/p>\n<p><b>Advocacy for the adoption of the National Maritime Space Management Plan<\/b>.<\/p>\t\t\t\t\t\t\t\t<\/div>\n\t\t\t\t<\/div>\n\t\t\t\t<\/div>\n\t\t\t\t\t<\/div>\n\t\t\t\t<\/div>\n\t\t<div class=\"elementor-element elementor-element-44066e5 e-flex e-con-boxed e-con e-parent\" data-id=\"44066e5\" data-element_type=\"container\" data-e-type=\"container\">\n\t\t\t\t\t<div class=\"e-con-inner\">\n\t\t<div class=\"elementor-element elementor-element-4076600 e-con-full e-flex e-con e-child\" data-id=\"4076600\" data-element_type=\"container\" data-e-type=\"container\">\n\t\t\t\t<div class=\"elementor-element elementor-element-0950c83 elementor-widget elementor-widget-text-editor\" data-id=\"0950c83\" data-element_type=\"widget\" data-e-type=\"widget\" data-widget_type=\"text-editor.default\">\n\t\t\t\t<div class=\"elementor-widget-container\">\n\t\t\t\t\t\t\t\t\t<p>If you have a similar problem<\/p>\t\t\t\t\t\t\t\t<\/div>\n\t\t\t\t<\/div>\n\t\t\t\t<div class=\"elementor-element elementor-element-9b2d0b4 elementor-align-center elementor-widget elementor-widget-button\" data-id=\"9b2d0b4\" data-element_type=\"widget\" data-e-type=\"widget\" data-widget_type=\"button.default\">\n\t\t\t\t<div class=\"elementor-widget-container\">\n\t\t\t\t\t\t\t\t\t<div class=\"elementor-button-wrapper\">\n\t\t\t\t\t<a class=\"elementor-button elementor-button-link elementor-size-sm\" href=\"https:\/\/kvalitetazivota.org\/en\/kontakt\/\">\n\t\t\t\t\t\t<span class=\"elementor-button-content-wrapper\">\n\t\t\t\t\t\t\t\t\t<span class=\"elementor-button-text\">Tell us a story<\/span>\n\t\t\t\t\t<\/span>\n\t\t\t\t\t<\/a>\n\t\t\t\t<\/div>\n\t\t\t\t\t\t\t\t<\/div>\n\t\t\t\t<\/div>\n\t\t\t\t<\/div>\n\t\t<div class=\"elementor-element elementor-element-ab97d46 e-con-full e-flex e-con e-child\" data-id=\"ab97d46\" data-element_type=\"container\" data-e-type=\"container\">\n\t\t\t\t<div class=\"elementor-element elementor-element-7fde768 elementor-widget elementor-widget-text-editor\" data-id=\"7fde768\" data-element_type=\"widget\" data-e-type=\"widget\" data-widget_type=\"text-editor.default\">\n\t\t\t\t<div class=\"elementor-widget-container\">\n\t\t\t\t\t\t\t\t\t<p>If you want to protect the coast too<\/p>\t\t\t\t\t\t\t\t<\/div>\n\t\t\t\t<\/div>\n\t\t\t\t<div class=\"elementor-element elementor-element-fc495c5 elementor-align-center elementor-widget elementor-widget-button\" data-id=\"fc495c5\" data-element_type=\"widget\" data-e-type=\"widget\" data-widget_type=\"button.default\">\n\t\t\t\t<div class=\"elementor-widget-container\">\n\t\t\t\t\t\t\t\t\t<div class=\"elementor-button-wrapper\">\n\t\t\t\t\t<a class=\"elementor-button elementor-button-link elementor-size-sm\" href=\"https:\/\/kvalitetazivota.org\/en\/kontakt\/\">\n\t\t\t\t\t\t<span class=\"elementor-button-content-wrapper\">\n\t\t\t\t\t\t\t\t\t<span class=\"elementor-button-text\">Join us<\/span>\n\t\t\t\t\t<\/span>\n\t\t\t\t\t<\/a>\n\t\t\t\t<\/div>\n\t\t\t\t\t\t\t\t<\/div>\n\t\t\t\t<\/div>\n\t\t\t\t<\/div>\n\t\t<div class=\"elementor-element elementor-element-a77eac4 e-con-full e-flex e-con e-child\" data-id=\"a77eac4\" data-element_type=\"container\" data-e-type=\"container\">\n\t\t\t\t<div class=\"elementor-element elementor-element-36d3706 elementor-widget elementor-widget-text-editor\" data-id=\"36d3706\" data-element_type=\"widget\" data-e-type=\"widget\" data-widget_type=\"text-editor.default\">\n\t\t\t\t<div class=\"elementor-widget-container\">\n\t\t\t\t\t\t\t\t\t<p>If you want to help us continue and expand the project<\/p>\t\t\t\t\t\t\t\t<\/div>\n\t\t\t\t<\/div>\n\t\t\t\t<div class=\"elementor-element elementor-element-28cd4d7 elementor-align-center elementor-widget elementor-widget-button\" data-id=\"28cd4d7\" data-element_type=\"widget\" data-e-type=\"widget\" data-widget_type=\"button.default\">\n\t\t\t\t<div class=\"elementor-widget-container\">\n\t\t\t\t\t\t\t\t\t<div class=\"elementor-button-wrapper\">\n\t\t\t\t\t<a class=\"elementor-button elementor-button-link elementor-size-sm\" href=\"https:\/\/kvalitetazivota.org\/en\/kontakt\/#donate\">\n\t\t\t\t\t\t<span class=\"elementor-button-content-wrapper\">\n\t\t\t\t\t\t\t\t\t<span class=\"elementor-button-text\">Donate<\/span>\n\t\t\t\t\t<\/span>\n\t\t\t\t\t<\/a>\n\t\t\t\t<\/div>\n\t\t\t\t\t\t\t\t<\/div>\n\t\t\t\t<\/div>\n\t\t\t\t<\/div>\n\t\t\t\t\t<\/div>\n\t\t\t\t<\/div>\n\t\t<div class=\"elementor-element elementor-element-4923ef1d e-flex e-con-boxed e-con e-parent\" data-id=\"4923ef1d\" data-element_type=\"container\" data-e-type=\"container\">\n\t\t\t\t\t<div class=\"e-con-inner\">\n\t\t<div class=\"elementor-element elementor-element-26b61ff5 e-flex e-con-boxed e-con e-child\" data-id=\"26b61ff5\" data-element_type=\"container\" data-e-type=\"container\">\n\t\t\t\t\t<div class=\"e-con-inner\">\n\t\t\t\t<div class=\"elementor-element elementor-element-4eed0901 elementor-widget__width-initial elementor-position-top elementor-widget elementor-widget-image-box\" data-id=\"4eed0901\" data-element_type=\"widget\" data-e-type=\"widget\" data-widget_type=\"image-box.default\">\n\t\t\t\t<div class=\"elementor-widget-container\">\n\t\t\t\t\t<div class=\"elementor-image-box-wrapper\"><figure class=\"elementor-image-box-img\"><img loading=\"lazy\" decoding=\"async\" width=\"2560\" height=\"901\" src=\"https:\/\/kvalitetazivota.org\/wp-content\/uploads\/2025\/02\/CNVOS_WEB_IMACT4VALUES_NAPIS_BARVNO_DVOVRSTICNO_DOLGO_HR_ZASTAVA-scaled.webp\" class=\"attachment-full size-full wp-image-2990\" alt=\"CNVOS_WEB_IMACT4VALUES\" srcset=\"https:\/\/kvalitetazivota.org\/wp-content\/uploads\/2025\/02\/CNVOS_WEB_IMACT4VALUES_NAPIS_BARVNO_DVOVRSTICNO_DOLGO_HR_ZASTAVA-scaled.webp 2560w, https:\/\/kvalitetazivota.org\/wp-content\/uploads\/2025\/02\/CNVOS_WEB_IMACT4VALUES_NAPIS_BARVNO_DVOVRSTICNO_DOLGO_HR_ZASTAVA-300x106.webp 300w, https:\/\/kvalitetazivota.org\/wp-content\/uploads\/2025\/02\/CNVOS_WEB_IMACT4VALUES_NAPIS_BARVNO_DVOVRSTICNO_DOLGO_HR_ZASTAVA-1024x361.webp 1024w, https:\/\/kvalitetazivota.org\/wp-content\/uploads\/2025\/02\/CNVOS_WEB_IMACT4VALUES_NAPIS_BARVNO_DVOVRSTICNO_DOLGO_HR_ZASTAVA-768x270.webp 768w, https:\/\/kvalitetazivota.org\/wp-content\/uploads\/2025\/02\/CNVOS_WEB_IMACT4VALUES_NAPIS_BARVNO_DVOVRSTICNO_DOLGO_HR_ZASTAVA-1536x541.webp 1536w, https:\/\/kvalitetazivota.org\/wp-content\/uploads\/2025\/02\/CNVOS_WEB_IMACT4VALUES_NAPIS_BARVNO_DVOVRSTICNO_DOLGO_HR_ZASTAVA-2048x721.webp 2048w, https:\/\/kvalitetazivota.org\/wp-content\/uploads\/2025\/02\/CNVOS_WEB_IMACT4VALUES_NAPIS_BARVNO_DVOVRSTICNO_DOLGO_HR_ZASTAVA-18x6.webp 18w\" sizes=\"(max-width: 2560px) 100vw, 2560px\" \/><\/figure><div class=\"elementor-image-box-content\"><p class=\"elementor-image-box-description\">Financirano sredstvima Europske unije. Izneseni stavovi i mi\u0161ljenja su stavovi i mi\u0161ljenja autora i ne moraju se podudarati sa stavovima i mi\u0161ljenjima Europske unije ili Europske izvr\u0161ne agencije za obrazovanje i kulturu (EACEA). Ni Europska unija ni EACEA ne mogu se smatrati odgovornima za njih.<\/p><\/div><\/div>\t\t\t\t<\/div>\n\t\t\t\t<\/div>\n\t\t\t\t<div class=\"elementor-element elementor-element-44d91929 elementor-widget__width-initial elementor-position-top elementor-widget elementor-widget-image-box\" data-id=\"44d91929\" data-element_type=\"widget\" data-e-type=\"widget\" data-widget_type=\"image-box.default\">\n\t\t\t\t<div class=\"elementor-widget-container\">\n\t\t\t\t\t<div class=\"elementor-image-box-wrapper\"><figure class=\"elementor-image-box-img\"><img loading=\"lazy\" decoding=\"async\" width=\"1191\" height=\"842\" src=\"https:\/\/kvalitetazivota.org\/wp-content\/uploads\/2025\/02\/Ured-za-udruge_LOGO_HR_RGB_72dpi_vertical_1191x842px.png\" class=\"attachment-full size-full wp-image-2991\" alt=\"Ured-za-udruge_LOGO\" srcset=\"https:\/\/kvalitetazivota.org\/wp-content\/uploads\/2025\/02\/Ured-za-udruge_LOGO_HR_RGB_72dpi_vertical_1191x842px.png 1191w, https:\/\/kvalitetazivota.org\/wp-content\/uploads\/2025\/02\/Ured-za-udruge_LOGO_HR_RGB_72dpi_vertical_1191x842px-300x212.png 300w, https:\/\/kvalitetazivota.org\/wp-content\/uploads\/2025\/02\/Ured-za-udruge_LOGO_HR_RGB_72dpi_vertical_1191x842px-1024x724.png 1024w, https:\/\/kvalitetazivota.org\/wp-content\/uploads\/2025\/02\/Ured-za-udruge_LOGO_HR_RGB_72dpi_vertical_1191x842px-768x543.png 768w, https:\/\/kvalitetazivota.org\/wp-content\/uploads\/2025\/02\/Ured-za-udruge_LOGO_HR_RGB_72dpi_vertical_1191x842px-18x12.png 18w\" sizes=\"(max-width: 1191px) 100vw, 1191px\" \/><\/figure><div class=\"elementor-image-box-content\"><p class=\"elementor-image-box-description\">Program Impact4Values sufinancira Ured za udruge Vlade Republike Hrvatske.\n\nStajali\u0161ta izra\u017eena u tekstovima koji se odnose na ovaj projekt isklju\u010diva su odgovornost Udruge za podizanje kvalitete \u017eivota \"Get to Life\" i ne odra\u017eavaju stajali\u0161te Ureda za udruge Vlade Republike Hrvatske.\n<\/p><\/div><\/div>\t\t\t\t<\/div>\n\t\t\t\t<\/div>\n\t\t\t\t\t<\/div>\n\t\t\t\t<\/div>\n\t\t\t\t\t<\/div>\n\t\t\t\t<\/div>\n\t\t\t\t<\/div>","protected":false},"excerpt":{"rendered":"<p>Webinar \u201eTreba li svaka uvala luku?\u201c odr\u017ean 23. travnja 2025. &#8211; Zaklju\u010dak 1. Sve vi\u0161e luka, sve manje komunalnih vezova? Na hrvatskoj obali gradi se sve vi\u0161e luka koje se u planovima predstavljaju kao luke za potrebe lokalnog stanovni\u0161tva. No stvarnost pokazuje ne\u0161to sasvim drugo: sve je te\u017ee prona\u0107i slobodan vez za osobnu upotrebu, dok [&hellip;]<\/p>\n","protected":false},"author":2,"featured_media":0,"parent":3339,"menu_order":0,"comment_status":"closed","ping_status":"closed","template":"","meta":{"site-sidebar-layout":"no-sidebar","site-content-layout":"page-builder","ast-site-content-layout":"full-width-container","site-content-style":"unboxed","site-sidebar-style":"unboxed","ast-global-header-display":"","ast-banner-title-visibility":"","ast-main-header-display":"","ast-hfb-above-header-display":"","ast-hfb-below-header-display":"","ast-hfb-mobile-header-display":"","site-post-title":"disabled","ast-breadcrumbs-content":"","ast-featured-img":"disabled","footer-sml-layout":"","ast-disable-related-posts":"","theme-transparent-header-meta":"default","adv-header-id-meta":"","stick-header-meta":"","header-above-stick-meta":"","header-main-stick-meta":"","header-below-stick-meta":"","astra-migrate-meta-layouts":"set","ast-page-background-enabled":"default","ast-page-background-meta":{"desktop":{"background-color":"","background-image":"","background-repeat":"repeat","background-position":"center center","background-size":"auto","background-attachment":"scroll","background-type":"","background-media":"","overlay-type":"","overlay-color":"","overlay-opacity":"","overlay-gradient":""},"tablet":{"background-color":"","background-image":"","background-repeat":"repeat","background-position":"center center","background-size":"auto","background-attachment":"scroll","background-type":"","background-media":"","overlay-type":"","overlay-color":"","overlay-opacity":"","overlay-gradient":""},"mobile":{"background-color":"","background-image":"","background-repeat":"repeat","background-position":"center center","background-size":"auto","background-attachment":"scroll","background-type":"","background-media":"","overlay-type":"","overlay-color":"","overlay-opacity":"","overlay-gradient":""}},"ast-content-background-meta":{"desktop":{"background-color":"var(--ast-global-color-5)","background-image":"","background-repeat":"repeat","background-position":"center center","background-size":"auto","background-attachment":"scroll","background-type":"","background-media":"","overlay-type":"","overlay-color":"","overlay-opacity":"","overlay-gradient":""},"tablet":{"background-color":"var(--ast-global-color-5)","background-image":"","background-repeat":"repeat","background-position":"center center","background-size":"auto","background-attachment":"scroll","background-type":"","background-media":"","overlay-type":"","overlay-color":"","overlay-opacity":"","overlay-gradient":""},"mobile":{"background-color":"var(--ast-global-color-5)","background-image":"","background-repeat":"repeat","background-position":"center center","background-size":"auto","background-attachment":"scroll","background-type":"","background-media":"","overlay-type":"","overlay-color":"","overlay-opacity":"","overlay-gradient":""}},"footnotes":""},"class_list":["post-2934","page","type-page","status-publish","hentry"],"_links":{"self":[{"href":"https:\/\/kvalitetazivota.org\/en\/wp-json\/wp\/v2\/pages\/2934","targetHints":{"allow":["GET"]}}],"collection":[{"href":"https:\/\/kvalitetazivota.org\/en\/wp-json\/wp\/v2\/pages"}],"about":[{"href":"https:\/\/kvalitetazivota.org\/en\/wp-json\/wp\/v2\/types\/page"}],"author":[{"embeddable":true,"href":"https:\/\/kvalitetazivota.org\/en\/wp-json\/wp\/v2\/users\/2"}],"replies":[{"embeddable":true,"href":"https:\/\/kvalitetazivota.org\/en\/wp-json\/wp\/v2\/comments?post=2934"}],"version-history":[{"count":0,"href":"https:\/\/kvalitetazivota.org\/en\/wp-json\/wp\/v2\/pages\/2934\/revisions"}],"up":[{"embeddable":true,"href":"https:\/\/kvalitetazivota.org\/en\/wp-json\/wp\/v2\/pages\/3339"}],"wp:attachment":[{"href":"https:\/\/kvalitetazivota.org\/en\/wp-json\/wp\/v2\/media?parent=2934"}],"curies":[{"name":"wp","href":"https:\/\/api.w.org\/{rel}","templated":true}]}}