{"id":2898,"date":"2025-02-08T16:43:27","date_gmt":"2025-02-08T16:43:27","guid":{"rendered":"https:\/\/kvalitetazivota.org\/?page_id=2898"},"modified":"2025-02-09T15:12:30","modified_gmt":"2025-02-09T15:12:30","slug":"izjava-o-odricanju-odgovornosti","status":"publish","type":"page","link":"https:\/\/kvalitetazivota.org\/en\/izjava-o-odricanju-odgovornosti\/","title":{"rendered":"Disclaimer"},"content":{"rendered":"<div data-elementor-type=\"wp-page\" data-elementor-id=\"2898\" class=\"elementor elementor-2898\">\n\t\t\t\t<div class=\"elementor-element elementor-element-7e6112c5 e-flex e-con-boxed e-con e-parent\" data-id=\"7e6112c5\" data-element_type=\"container\" data-e-type=\"container\">\n\t\t\t\t\t<div class=\"e-con-inner\">\n\t\t\t\t<div class=\"elementor-element elementor-element-c2a1f41 elementor-widget elementor-widget-heading\" data-id=\"c2a1f41\" data-element_type=\"widget\" data-e-type=\"widget\" data-widget_type=\"heading.default\">\n\t\t\t\t<div class=\"elementor-widget-container\">\n\t\t\t\t\t<h4 class=\"elementor-heading-title elementor-size-default\">Disclaimer<\/h4>\t\t\t\t<\/div>\n\t\t\t\t<\/div>\n\t\t\t\t<div class=\"elementor-element elementor-element-276c39fd elementor-widget elementor-widget-text-editor\" data-id=\"276c39fd\" data-element_type=\"widget\" data-e-type=\"widget\" data-widget_type=\"text-editor.default\">\n\t\t\t\t<div class=\"elementor-widget-container\">\n\t\t\t\t\t\t\t\t\t<p class=\"translation-block\">The content of this website is provided for informational purposes only. \nThe Association for Improving\nQuality of Life \"Get to Life\" strives to ensure that the information on this website is accurate and up to\ndate, but makes no guarantees regarding the completeness, accuracy, reliability, suitability, or availability\nof the content on the site. \nThe use of information from this website is entirely at the user's own risk.\nThis website may contain links to external websites that are not under the control of the Association. \nThe Association has no control over the nature, content, and availability of those sites. \nThe inclusion of any\nlinks does not imply a recommendation or endorsement of the views expressed within them.\nThe Association is not liable for any loss or damage, including, without limitation, indirect or consequential loss or damage, or any loss or damage arising from data or profit loss resulting from or in\nconnection with the use of this website.\nWe make every effort to keep the website running smoothly.\n However, the Association assumes no responsibility and will not be liable for temporary unavailability of the website due to technical issues beyond our control.<\/p>\t\t\t\t\t\t\t\t<\/div>\n\t\t\t\t<\/div>\n\t\t\t\t\t<\/div>\n\t\t\t\t<\/div>\n\t\t\t\t<\/div>","protected":false},"excerpt":{"rendered":"<p>Izjava o odricanju odgovornosti Sadr\u017eaj ove web stranice pru\u017ea se isklju\u010divo u informativne svrhe. Udruga za podizanje kvalitete \u017eivota &#8220;Get to Life&#8221; nastoji osigurati da su informacije na ovoj stranici to\u010dne i a\u017eurne, ali ne daje nikakva jamstva u vezi s potpuno\u0161\u0107u, to\u010dno\u0161\u0107u, pouzdano\u0161\u0107u, prikladno\u0161\u0107u ili dostupno\u0161\u0107u sadr\u017eaja na stranici.Kori\u0161tenje informacija s ove stranice isklju\u010divo [&hellip;]<\/p>\n","protected":false},"author":2,"featured_media":0,"parent":0,"menu_order":0,"comment_status":"closed","ping_status":"closed","template":"","meta":{"site-sidebar-layout":"default","site-content-layout":"","ast-site-content-layout":"default","site-content-style":"default","site-sidebar-style":"default","ast-global-header-display":"","ast-banner-title-visibility":"","ast-main-header-display":"","ast-hfb-above-header-display":"","ast-hfb-below-header-display":"","ast-hfb-mobile-header-display":"","site-post-title":"disabled","ast-breadcrumbs-content":"","ast-featured-img":"","footer-sml-layout":"","ast-disable-related-posts":"","theme-transparent-header-meta":"","adv-header-id-meta":"","stick-header-meta":"","header-above-stick-meta":"","header-main-stick-meta":"","header-below-stick-meta":"","astra-migrate-meta-layouts":"set","ast-page-background-enabled":"default","ast-page-background-meta":{"desktop":{"background-color":"","background-image":"","background-repeat":"repeat","background-position":"center center","background-size":"auto","background-attachment":"scroll","background-type":"","background-media":"","overlay-type":"","overlay-color":"","overlay-opacity":"","overlay-gradient":""},"tablet":{"background-color":"","background-image":"","background-repeat":"repeat","background-position":"center center","background-size":"auto","background-attachment":"scroll","background-type":"","background-media":"","overlay-type":"","overlay-color":"","overlay-opacity":"","overlay-gradient":""},"mobile":{"background-color":"","background-image":"","background-repeat":"repeat","background-position":"center center","background-size":"auto","background-attachment":"scroll","background-type":"","background-media":"","overlay-type":"","overlay-color":"","overlay-opacity":"","overlay-gradient":""}},"ast-content-background-meta":{"desktop":{"background-color":"var(--ast-global-color-5)","background-image":"","background-repeat":"repeat","background-position":"center center","background-size":"auto","background-attachment":"scroll","background-type":"","background-media":"","overlay-type":"","overlay-color":"","overlay-opacity":"","overlay-gradient":""},"tablet":{"background-color":"var(--ast-global-color-5)","background-image":"","background-repeat":"repeat","background-position":"center center","background-size":"auto","background-attachment":"scroll","background-type":"","background-media":"","overlay-type":"","overlay-color":"","overlay-opacity":"","overlay-gradient":""},"mobile":{"background-color":"var(--ast-global-color-5)","background-image":"","background-repeat":"repeat","background-position":"center center","background-size":"auto","background-attachment":"scroll","background-type":"","background-media":"","overlay-type":"","overlay-color":"","overlay-opacity":"","overlay-gradient":""}},"footnotes":""},"class_list":["post-2898","page","type-page","status-publish","hentry"],"_links":{"self":[{"href":"https:\/\/kvalitetazivota.org\/en\/wp-json\/wp\/v2\/pages\/2898","targetHints":{"allow":["GET"]}}],"collection":[{"href":"https:\/\/kvalitetazivota.org\/en\/wp-json\/wp\/v2\/pages"}],"about":[{"href":"https:\/\/kvalitetazivota.org\/en\/wp-json\/wp\/v2\/types\/page"}],"author":[{"embeddable":true,"href":"https:\/\/kvalitetazivota.org\/en\/wp-json\/wp\/v2\/users\/2"}],"replies":[{"embeddable":true,"href":"https:\/\/kvalitetazivota.org\/en\/wp-json\/wp\/v2\/comments?post=2898"}],"version-history":[{"count":0,"href":"https:\/\/kvalitetazivota.org\/en\/wp-json\/wp\/v2\/pages\/2898\/revisions"}],"wp:attachment":[{"href":"https:\/\/kvalitetazivota.org\/en\/wp-json\/wp\/v2\/media?parent=2898"}],"curies":[{"name":"wp","href":"https:\/\/api.w.org\/{rel}","templated":true}]}}