{"id":2304,"date":"2025-01-11T18:45:01","date_gmt":"2025-01-11T18:45:01","guid":{"rendered":"https:\/\/kvalitetazivota.org\/?page_id=2304"},"modified":"2025-01-19T17:23:43","modified_gmt":"2025-01-19T17:23:43","slug":"uvjeti-koristenja","status":"publish","type":"page","link":"https:\/\/kvalitetazivota.org\/en\/uvjeti-koristenja\/","title":{"rendered":"Terms of Use"},"content":{"rendered":"<div data-elementor-type=\"wp-page\" data-elementor-id=\"2304\" class=\"elementor elementor-2304\">\n\t\t\t\t<div class=\"elementor-element elementor-element-7e6112c5 e-flex e-con-boxed e-con e-parent\" data-id=\"7e6112c5\" data-element_type=\"container\" data-e-type=\"container\">\n\t\t\t\t\t<div class=\"e-con-inner\">\n\t\t\t\t<div class=\"elementor-element elementor-element-c2a1f41 elementor-widget elementor-widget-heading\" data-id=\"c2a1f41\" data-element_type=\"widget\" data-e-type=\"widget\" data-widget_type=\"heading.default\">\n\t\t\t\t<div class=\"elementor-widget-container\">\n\t\t\t\t\t<h4 class=\"elementor-heading-title elementor-size-default\">Terms of Use<\/h4>\t\t\t\t<\/div>\n\t\t\t\t<\/div>\n\t\t\t\t<div class=\"elementor-element elementor-element-276c39fd elementor-widget elementor-widget-text-editor\" data-id=\"276c39fd\" data-element_type=\"widget\" data-e-type=\"widget\" data-widget_type=\"text-editor.default\">\n\t\t\t\t<div class=\"elementor-widget-container\">\n\t\t\t\t\t\t\t\t\t<p>Mre\u017ena stranica <a href=\"mailto:www.kvalitetazivota.org\">www.kvalitetazivota.org<\/a> vlasni\u0161tvo je Udruge za podizanje kvalitete \u017eivota \u201eGet to life\u201d (u daljnjem tekstu Udruga).<\/p><p>Kori\u0161tenjem Internet stranice www.kvalitetazivota.org (u daljnjem tekstu: Internet stranica) smatra se da su korisnici u svakom trenutku upoznati s ovim uvjetima kori\u0161tenja te da ih u potpunosti razumiju i prihva\u0107aju. Internet stranicama Udruge smatraju se i sve pridru\u017eene stranice i servisi koji pripadaju domeni kvalitetezivota.org.<\/p><p>Zadr\u017eavamo pravo izmjene sadr\u017eaja i uvjeta kori\u0161tenja Internet stranice bez obaveze prethodne najave te nismo odgovorni za bilo kakvu \u0161tetu nastalu tim promjenama.<\/p><p>Svrha Internet stranice je informiranje javnosti o aktivnostima Udruge.<\/p><p>Posje\u0107ivanjem i upotrebom navedene stranice korisnik prihva\u0107a komunikaciju elektroni\u010dkim putem. Sav sadr\u017eaj dostavljen elektroni\u010dkim putem zadovoljava pravne okvire kao da je ostvaren u pisanom obliku.<\/p><p>Udruga se u potpunosti odri\u010de svake odgovornosti koja je na bilo koji na\u010din vezana uz kori\u0161tenje stranice od strane korisnika bilo uporabom ili zlouporabom sadr\u017eaja, te za bilo kakvu \u0161tetu koja mo\u017ee nastati korisniku ili bilo kojoj tre\u0107oj strani u vezi s uporabom ili zlouporabom sadr\u017eaja stranice.<\/p><p>Udruga nastoji smanjiti tehni\u010dke pogre\u0161ke prilikom kori\u0161tenja Internet stranice, no ne mo\u017ee jam\u010diti da \u0107e sve funkcionalnosti biti uvijek dostupne niti odgovara za eventualnu nedostupnost stranice.<\/p><p>Udruga ne odgovara za sadr\u017eaje niti za raspolo\u017eivost drugih stranica na koje upu\u0107uje poveznicama.<\/p><p>Dokumenti, fotografije, podaci, informacije kao i bilo koji dio sadr\u017eaja objavljeni na stranici ne smiju se reproducirati, distribuirati ili na bilo koji na\u010din koristiti u komercijalne svrhe.<\/p><p>Dopu\u0161teno je stavljati poveznicu Internet stranice ili njenog sastavnog dijela na druge stranice.<\/p><p>U slu\u010daju spora stranke \u0107e isti poku\u0161ati rije\u0161iti mirnim putem, a ako to nije mogu\u0107e, nadle\u017ean je sud u Zagreb.<\/p>\t\t\t\t\t\t\t\t<\/div>\n\t\t\t\t<\/div>\n\t\t\t\t\t<\/div>\n\t\t\t\t<\/div>\n\t\t\t\t<\/div>","protected":false},"excerpt":{"rendered":"<p>Uvjeti kori\u0161tenja Mre\u017ena stranica www.kvalitetazivota.org vlasni\u0161tvo je Udruge za podizanje kvalitete \u017eivota \u201eGet to life\u201d (u daljnjem tekstu Udruga). Kori\u0161tenjem Internet stranice www.kvalitetazivota.org (u daljnjem tekstu: Internet stranica) smatra se da su korisnici u svakom trenutku upoznati s ovim uvjetima kori\u0161tenja te da ih u potpunosti razumiju i prihva\u0107aju. Internet stranicama Udruge smatraju se i [&hellip;]<\/p>\n","protected":false},"author":2,"featured_media":0,"parent":0,"menu_order":0,"comment_status":"closed","ping_status":"closed","template":"","meta":{"site-sidebar-layout":"default","site-content-layout":"","ast-site-content-layout":"default","site-content-style":"default","site-sidebar-style":"default","ast-global-header-display":"","ast-banner-title-visibility":"","ast-main-header-display":"","ast-hfb-above-header-display":"","ast-hfb-below-header-display":"","ast-hfb-mobile-header-display":"","site-post-title":"disabled","ast-breadcrumbs-content":"","ast-featured-img":"","footer-sml-layout":"","ast-disable-related-posts":"","theme-transparent-header-meta":"","adv-header-id-meta":"","stick-header-meta":"","header-above-stick-meta":"","header-main-stick-meta":"","header-below-stick-meta":"","astra-migrate-meta-layouts":"set","ast-page-background-enabled":"default","ast-page-background-meta":{"desktop":{"background-color":"","background-image":"","background-repeat":"repeat","background-position":"center center","background-size":"auto","background-attachment":"scroll","background-type":"","background-media":"","overlay-type":"","overlay-color":"","overlay-opacity":"","overlay-gradient":""},"tablet":{"background-color":"","background-image":"","background-repeat":"repeat","background-position":"center center","background-size":"auto","background-attachment":"scroll","background-type":"","background-media":"","overlay-type":"","overlay-color":"","overlay-opacity":"","overlay-gradient":""},"mobile":{"background-color":"","background-image":"","background-repeat":"repeat","background-position":"center center","background-size":"auto","background-attachment":"scroll","background-type":"","background-media":"","overlay-type":"","overlay-color":"","overlay-opacity":"","overlay-gradient":""}},"ast-content-background-meta":{"desktop":{"background-color":"var(--ast-global-color-5)","background-image":"","background-repeat":"repeat","background-position":"center center","background-size":"auto","background-attachment":"scroll","background-type":"","background-media":"","overlay-type":"","overlay-color":"","overlay-opacity":"","overlay-gradient":""},"tablet":{"background-color":"var(--ast-global-color-5)","background-image":"","background-repeat":"repeat","background-position":"center center","background-size":"auto","background-attachment":"scroll","background-type":"","background-media":"","overlay-type":"","overlay-color":"","overlay-opacity":"","overlay-gradient":""},"mobile":{"background-color":"var(--ast-global-color-5)","background-image":"","background-repeat":"repeat","background-position":"center center","background-size":"auto","background-attachment":"scroll","background-type":"","background-media":"","overlay-type":"","overlay-color":"","overlay-opacity":"","overlay-gradient":""}},"footnotes":""},"class_list":["post-2304","page","type-page","status-publish","hentry"],"_links":{"self":[{"href":"https:\/\/kvalitetazivota.org\/en\/wp-json\/wp\/v2\/pages\/2304","targetHints":{"allow":["GET"]}}],"collection":[{"href":"https:\/\/kvalitetazivota.org\/en\/wp-json\/wp\/v2\/pages"}],"about":[{"href":"https:\/\/kvalitetazivota.org\/en\/wp-json\/wp\/v2\/types\/page"}],"author":[{"embeddable":true,"href":"https:\/\/kvalitetazivota.org\/en\/wp-json\/wp\/v2\/users\/2"}],"replies":[{"embeddable":true,"href":"https:\/\/kvalitetazivota.org\/en\/wp-json\/wp\/v2\/comments?post=2304"}],"version-history":[{"count":0,"href":"https:\/\/kvalitetazivota.org\/en\/wp-json\/wp\/v2\/pages\/2304\/revisions"}],"wp:attachment":[{"href":"https:\/\/kvalitetazivota.org\/en\/wp-json\/wp\/v2\/media?parent=2304"}],"curies":[{"name":"wp","href":"https:\/\/api.w.org\/{rel}","templated":true}]}}